{"id":1568,"date":"2020-11-17T10:57:54","date_gmt":"2020-11-17T10:57:54","guid":{"rendered":"http:\/\/arrimice.com\/?page_id=1568"},"modified":"2021-01-29T15:08:37","modified_gmt":"2021-01-29T15:08:37","slug":"e-katalog","status":"publish","type":"page","link":"http:\/\/arrimice.com\/index.php\/e-katalog\/","title":{"rendered":"E-Katalog"},"content":{"rendered":"\t\t<div data-elementor-type=\"wp-page\" data-elementor-id=\"1568\" class=\"elementor elementor-1568\" data-elementor-settings=\"[]\">\n\t\t\t\t\t\t<div class=\"elementor-inner\">\n\t\t\t\t\t\t\t<div class=\"elementor-section-wrap\">\n\t\t\t\t\t\t\t<section class=\"elementor-section elementor-top-section elementor-element elementor-element-73cfdca3 elementor-section-boxed elementor-section-height-default elementor-section-height-default\" data-id=\"73cfdca3\" data-element_type=\"section\">\n\t\t\t\t\t\t<div class=\"elementor-container elementor-column-gap-default\">\n\t\t\t\t\t\t\t<div class=\"elementor-row\">\n\t\t\t\t\t<div class=\"elementor-column elementor-col-50 elementor-top-column elementor-element elementor-element-44b750fd\" data-id=\"44b750fd\" data-element_type=\"column\">\n\t\t\t<div class=\"elementor-column-wrap elementor-element-populated\">\n\t\t\t\t\t\t\t<div class=\"elementor-widget-wrap\">\n\t\t\t\t\t\t<div class=\"elementor-element elementor-element-72cc730f elementor-widget elementor-widget-spacer\" data-id=\"72cc730f\" data-element_type=\"widget\" data-widget_type=\"spacer.default\">\n\t\t\t\t<div class=\"elementor-widget-container\">\n\t\t\t\t\t<div class=\"elementor-spacer\">\n\t\t\t<div class=\"elementor-spacer-inner\"><\/div>\n\t\t<\/div>\n\t\t\t\t<\/div>\n\t\t\t\t<\/div>\n\t\t\t\t<div class=\"elementor-element elementor-element-5ffa30f elementor-hidden-phone elementor-aspect-ratio-169 elementor-widget elementor-widget-video\" data-id=\"5ffa30f\" data-element_type=\"widget\" data-settings=\"{&quot;video_type&quot;:&quot;hosted&quot;,&quot;autoplay&quot;:&quot;yes&quot;,&quot;mute&quot;:&quot;yes&quot;,&quot;loop&quot;:&quot;yes&quot;,&quot;play_on_mobile&quot;:&quot;yes&quot;,&quot;aspect_ratio&quot;:&quot;169&quot;}\" data-widget_type=\"video.default\">\n\t\t\t\t<div class=\"elementor-widget-container\">\n\t\t\t\t\t<div class=\"e-hosted-video elementor-wrapper elementor-fit-aspect-ratio elementor-open-inline\">\n\t\t\t\t\t<video class=\"elementor-video\" src=\"http:\/\/arrimice.com\/wp-content\/uploads\/2020\/11\/Arri-Mice-tanitim-video.mp4\" autoplay=\"\" loop=\"\" muted=\"muted\" playsinline=\"\" controlsList=\"nodownload\"><\/video>\n\t\t\t\t<\/div>\n\t\t\t\t<\/div>\n\t\t\t\t<\/div>\n\t\t\t\t\t\t<\/div>\n\t\t\t\t\t<\/div>\n\t\t<\/div>\n\t\t\t\t<div class=\"elementor-column elementor-col-50 elementor-top-column elementor-element elementor-element-5e3a1984\" data-id=\"5e3a1984\" data-element_type=\"column\">\n\t\t\t<div class=\"elementor-column-wrap elementor-element-populated\">\n\t\t\t\t\t\t\t<div class=\"elementor-widget-wrap\">\n\t\t\t\t\t\t<div class=\"elementor-element elementor-element-6f7ce0a4 elementor-widget elementor-widget-spacer\" data-id=\"6f7ce0a4\" data-element_type=\"widget\" data-widget_type=\"spacer.default\">\n\t\t\t\t<div class=\"elementor-widget-container\">\n\t\t\t\t\t<div class=\"elementor-spacer\">\n\t\t\t<div class=\"elementor-spacer-inner\"><\/div>\n\t\t<\/div>\n\t\t\t\t<\/div>\n\t\t\t\t<\/div>\n\t\t\t\t<div class=\"elementor-element elementor-element-217ad32e elementor-widget elementor-widget-image-carousel\" data-id=\"217ad32e\" data-element_type=\"widget\" data-settings=\"{&quot;slides_to_show&quot;:&quot;1&quot;,&quot;navigation&quot;:&quot;none&quot;,&quot;pause_on_hover&quot;:&quot;no&quot;,&quot;pause_on_interaction&quot;:&quot;no&quot;,&quot;autoplay_speed&quot;:3000,&quot;autoplay&quot;:&quot;yes&quot;,&quot;infinite&quot;:&quot;yes&quot;,&quot;effect&quot;:&quot;slide&quot;,&quot;speed&quot;:500}\" data-widget_type=\"image-carousel.default\">\n\t\t\t\t<div class=\"elementor-widget-container\">\n\t\t\t\t\t<div class=\"elementor-image-carousel-wrapper swiper-container\" dir=\"ltr\">\n\t\t\t<div class=\"elementor-image-carousel swiper-wrapper\">\n\t\t\t\t\t\t\t\t<div class=\"swiper-slide\"><figure class=\"swiper-slide-inner\"><img class=\"swiper-slide-image\" src=\"http:\/\/arrimice.com\/wp-content\/uploads\/2020\/11\/A-r-r-i-mice-1-1-1024x390.jpg\" alt=\"A r r i mice 1 (1)\" \/><\/figure><\/div><div class=\"swiper-slide\"><figure class=\"swiper-slide-inner\"><img class=\"swiper-slide-image\" src=\"http:\/\/arrimice.com\/wp-content\/uploads\/2020\/11\/A-r-r-i-mice-1-2-1024x390.jpg\" alt=\"A r r i mice 1 (2)\" \/><\/figure><\/div><div class=\"swiper-slide\"><figure class=\"swiper-slide-inner\"><img class=\"swiper-slide-image\" src=\"http:\/\/arrimice.com\/wp-content\/uploads\/2020\/11\/A-r-r-i-mice-1-3-1024x390.jpg\" alt=\"A r r i mice 1 (3)\" \/><\/figure><\/div><div class=\"swiper-slide\"><figure class=\"swiper-slide-inner\"><img class=\"swiper-slide-image\" src=\"http:\/\/arrimice.com\/wp-content\/uploads\/2020\/11\/A-r-r-i-mice-1-4-1024x390.jpg\" alt=\"A r r i mice 1 (4)\" \/><\/figure><\/div>\t\t\t<\/div>\n\t\t\t\t\t\t\t\t\t\t\t\t\t\t\t\t<\/div>\n\t\t\t\t<\/div>\n\t\t\t\t<\/div>\n\t\t\t\t\t\t<\/div>\n\t\t\t\t\t<\/div>\n\t\t<\/div>\n\t\t\t\t\t\t\t\t<\/div>\n\t\t\t\t\t<\/div>\n\t\t<\/section>\n\t\t\t\t<section class=\"elementor-section elementor-top-section elementor-element elementor-element-87cb53a elementor-section-boxed elementor-section-height-default elementor-section-height-default\" data-id=\"87cb53a\" data-element_type=\"section\">\n\t\t\t\t\t\t<div class=\"elementor-container elementor-column-gap-default\">\n\t\t\t\t\t\t\t<div class=\"elementor-row\">\n\t\t\t\t\t<div class=\"elementor-column elementor-col-100 elementor-top-column elementor-element elementor-element-f324ef4\" data-id=\"f324ef4\" data-element_type=\"column\">\n\t\t\t<div class=\"elementor-column-wrap elementor-element-populated\">\n\t\t\t\t\t\t\t<div class=\"elementor-widget-wrap\">\n\t\t\t\t\t\t<div class=\"elementor-element elementor-element-cb56917 elementor-widget-divider--view-line elementor-widget elementor-widget-divider\" data-id=\"cb56917\" data-element_type=\"widget\" data-widget_type=\"divider.default\">\n\t\t\t\t<div class=\"elementor-widget-container\">\n\t\t\t\t\t<div class=\"elementor-divider\">\n\t\t\t<span class=\"elementor-divider-separator\">\n\t\t\t\t\t\t<\/span>\n\t\t<\/div>\n\t\t\t\t<\/div>\n\t\t\t\t<\/div>\n\t\t\t\t\t\t<\/div>\n\t\t\t\t\t<\/div>\n\t\t<\/div>\n\t\t\t\t\t\t\t\t<\/div>\n\t\t\t\t\t<\/div>\n\t\t<\/section>\n\t\t\t\t<section class=\"elementor-section elementor-top-section elementor-element elementor-element-d0c6ba3 elementor-section-boxed elementor-section-height-default elementor-section-height-default\" data-id=\"d0c6ba3\" data-element_type=\"section\">\n\t\t\t\t\t\t<div class=\"elementor-container elementor-column-gap-default\">\n\t\t\t\t\t\t\t<div class=\"elementor-row\">\n\t\t\t\t\t<div class=\"elementor-column elementor-col-100 elementor-top-column elementor-element elementor-element-6abcd71\" data-id=\"6abcd71\" data-element_type=\"column\">\n\t\t\t<div class=\"elementor-column-wrap elementor-element-populated\">\n\t\t\t\t\t\t\t<div class=\"elementor-widget-wrap\">\n\t\t\t\t\t\t<div class=\"elementor-element elementor-element-e0dceab elementor-widget elementor-widget-html\" data-id=\"e0dceab\" data-element_type=\"widget\" data-widget_type=\"html.default\">\n\t\t\t\t<div class=\"elementor-widget-container\">\n\t\t\t<iframe width=\"620px\" height=\"600px\" src=\"https:\/\/www.yumpu.com\/xx\/embed\/view\/1rjtPQ7U94ExJl5F\" frameborder=\"0\" allowfullscreen=\"true\"  allowtransparency=\"true\"><\/iframe>\t\t<\/div>\n\t\t\t\t<\/div>\n\t\t\t\t\t\t<\/div>\n\t\t\t\t\t<\/div>\n\t\t<\/div>\n\t\t\t\t\t\t\t\t<\/div>\n\t\t\t\t\t<\/div>\n\t\t<\/section>\n\t\t\t\t<section class=\"elementor-section elementor-top-section elementor-element elementor-element-03d0886 elementor-section-boxed elementor-section-height-default elementor-section-height-default\" data-id=\"03d0886\" data-element_type=\"section\">\n\t\t\t\t\t\t<div class=\"elementor-container elementor-column-gap-default\">\n\t\t\t\t\t\t\t<div class=\"elementor-row\">\n\t\t\t\t\t<div class=\"elementor-column elementor-col-100 elementor-top-column elementor-element elementor-element-81ba8dd\" data-id=\"81ba8dd\" data-element_type=\"column\">\n\t\t\t<div class=\"elementor-column-wrap elementor-element-populated\">\n\t\t\t\t\t\t\t<div class=\"elementor-widget-wrap\">\n\t\t\t\t\t\t<div class=\"elementor-element elementor-element-d456b6a elementor-widget-divider--view-line elementor-widget elementor-widget-divider\" data-id=\"d456b6a\" data-element_type=\"widget\" data-widget_type=\"divider.default\">\n\t\t\t\t<div class=\"elementor-widget-container\">\n\t\t\t\t\t<div class=\"elementor-divider\">\n\t\t\t<span class=\"elementor-divider-separator\">\n\t\t\t\t\t\t<\/span>\n\t\t<\/div>\n\t\t\t\t<\/div>\n\t\t\t\t<\/div>\n\t\t\t\t\t\t<\/div>\n\t\t\t\t\t<\/div>\n\t\t<\/div>\n\t\t\t\t\t\t\t\t<\/div>\n\t\t\t\t\t<\/div>\n\t\t<\/section>\n\t\t\t\t<section class=\"elementor-section elementor-top-section elementor-element elementor-element-c533ac0 elementor-section-boxed elementor-section-height-default elementor-section-height-default\" data-id=\"c533ac0\" data-element_type=\"section\">\n\t\t\t\t\t\t<div class=\"elementor-container elementor-column-gap-default\">\n\t\t\t\t\t\t\t<div class=\"elementor-row\">\n\t\t\t\t\t<div class=\"elementor-column elementor-col-100 elementor-top-column elementor-element elementor-element-2f0afc3d\" data-id=\"2f0afc3d\" data-element_type=\"column\">\n\t\t\t<div class=\"elementor-column-wrap elementor-element-populated\">\n\t\t\t\t\t\t\t<div class=\"elementor-widget-wrap\">\n\t\t\t\t\t\t<section class=\"elementor-section elementor-inner-section elementor-element elementor-element-7c37a8fe elementor-section-boxed elementor-section-height-default elementor-section-height-default\" data-id=\"7c37a8fe\" data-element_type=\"section\">\n\t\t\t\t\t\t<div class=\"elementor-container elementor-column-gap-default\">\n\t\t\t\t\t\t\t<div class=\"elementor-row\">\n\t\t\t\t\t<div class=\"elementor-column elementor-col-25 elementor-inner-column elementor-element elementor-element-8eec816\" data-id=\"8eec816\" data-element_type=\"column\">\n\t\t\t<div class=\"elementor-column-wrap elementor-element-populated\">\n\t\t\t\t\t\t\t<div class=\"elementor-widget-wrap\">\n\t\t\t\t\t\t<div class=\"elementor-element elementor-element-d177a59 elementor-widget elementor-widget-spacer\" data-id=\"d177a59\" data-element_type=\"widget\" data-widget_type=\"spacer.default\">\n\t\t\t\t<div class=\"elementor-widget-container\">\n\t\t\t\t\t<div class=\"elementor-spacer\">\n\t\t\t<div class=\"elementor-spacer-inner\"><\/div>\n\t\t<\/div>\n\t\t\t\t<\/div>\n\t\t\t\t<\/div>\n\t\t\t\t<div class=\"elementor-element elementor-element-4517cd99 elementor-widget elementor-widget-image\" data-id=\"4517cd99\" data-element_type=\"widget\" data-widget_type=\"image.default\">\n\t\t\t\t<div class=\"elementor-widget-container\">\n\t\t\t\t\t\t\t\t<div class=\"elementor-image\">\n\t\t\t\t\t\t\t\t\t\t\t\t<img width=\"236\" height=\"67\" src=\"http:\/\/arrimice.com\/wp-content\/uploads\/2020\/11\/Arri_mice_logo.png\" class=\"attachment-large size-large\" alt=\"\" loading=\"lazy\" \/>\t\t\t\t\t\t\t\t\t\t\t\t\t\t<\/div>\n\t\t\t\t\t\t<\/div>\n\t\t\t\t<\/div>\n\t\t\t\t\t\t<\/div>\n\t\t\t\t\t<\/div>\n\t\t<\/div>\n\t\t\t\t<div class=\"elementor-column elementor-col-25 elementor-inner-column elementor-element elementor-element-292fbda0\" data-id=\"292fbda0\" data-element_type=\"column\">\n\t\t\t<div class=\"elementor-column-wrap elementor-element-populated\">\n\t\t\t\t\t\t\t<div class=\"elementor-widget-wrap\">\n\t\t\t\t\t\t<div class=\"elementor-element elementor-element-25636572 elementor-widget elementor-widget-spacer\" data-id=\"25636572\" data-element_type=\"widget\" data-widget_type=\"spacer.default\">\n\t\t\t\t<div class=\"elementor-widget-container\">\n\t\t\t\t\t<div class=\"elementor-spacer\">\n\t\t\t<div class=\"elementor-spacer-inner\"><\/div>\n\t\t<\/div>\n\t\t\t\t<\/div>\n\t\t\t\t<\/div>\n\t\t\t\t<div class=\"elementor-element elementor-element-2d7f4102 elementor-widget elementor-widget-image\" data-id=\"2d7f4102\" data-element_type=\"widget\" data-widget_type=\"image.default\">\n\t\t\t\t<div class=\"elementor-widget-container\">\n\t\t\t\t\t\t\t\t<div class=\"elementor-image\">\n\t\t\t\t\t\t\t\t\t\t\t\t\t<a href=\"https:\/\/www.tursab.org.tr\/tr\/ddsv\">\n\t\t\t\t\t\t\t<img width=\"290\" height=\"132\" src=\"http:\/\/arrimice.com\/wp-content\/uploads\/2021\/01\/tursab-dvs-7109.png\" class=\"attachment-large size-large\" alt=\"\" loading=\"lazy\" \/>\t\t\t\t\t\t\t\t<\/a>\n\t\t\t\t\t\t\t\t\t\t\t\t\t\t<\/div>\n\t\t\t\t\t\t<\/div>\n\t\t\t\t<\/div>\n\t\t\t\t\t\t<\/div>\n\t\t\t\t\t<\/div>\n\t\t<\/div>\n\t\t\t\t<div class=\"elementor-column elementor-col-25 elementor-inner-column elementor-element elementor-element-29cb92c0\" data-id=\"29cb92c0\" data-element_type=\"column\">\n\t\t\t<div class=\"elementor-column-wrap elementor-element-populated\">\n\t\t\t\t\t\t\t<div class=\"elementor-widget-wrap\">\n\t\t\t\t\t\t<div class=\"elementor-element elementor-element-6b17ec53 elementor-widget elementor-widget-text-editor\" data-id=\"6b17ec53\" data-element_type=\"widget\" data-widget_type=\"text-editor.default\">\n\t\t\t\t<div class=\"elementor-widget-container\">\n\t\t\t\t\t\t\t\t<div class=\"elementor-text-editor elementor-clearfix\">\n\t\t\t\t<p><a href=\"http:\/\/arrimice.com\/index.php\/hakkimizda\/\"><span class=\"brgmenu-item\">HAKKIMIZDA<\/span><\/a><\/p><ul><li><a href=\"http:\/\/arrimice.com\/index.php\/hakkimizda\/\"><span class=\"brgmenu-item\">KURUMSAL<\/span><\/a><\/li><li><a href=\"http:\/\/arrimice.com\/index.php\/hakkimizda\/\"><span class=\"brgmenu-item\">V\u0130ZYON<\/span><\/a><\/li><li><a href=\"http:\/\/arrimice.com\/index.php\/hakkimizda\/\"><span class=\"brgmenu-item\">M\u0130SYON<\/span><\/a><\/li><li><a href=\"http:\/\/arrimice.com\/index.php\/hakkimizda\/\"><span class=\"brgmenu-item\">B\u0130ZE ULA\u015eIN<\/span><\/a><\/li><\/ul>\t\t\t\t\t<\/div>\n\t\t\t\t\t\t<\/div>\n\t\t\t\t<\/div>\n\t\t\t\t\t\t<\/div>\n\t\t\t\t\t<\/div>\n\t\t<\/div>\n\t\t\t\t<div class=\"elementor-column elementor-col-25 elementor-inner-column elementor-element elementor-element-e9c5bb8\" data-id=\"e9c5bb8\" data-element_type=\"column\">\n\t\t\t<div class=\"elementor-column-wrap elementor-element-populated\">\n\t\t\t\t\t\t\t<div class=\"elementor-widget-wrap\">\n\t\t\t\t\t\t<div class=\"elementor-element elementor-element-2e2db4eb elementor-widget elementor-widget-text-editor\" data-id=\"2e2db4eb\" data-element_type=\"widget\" data-widget_type=\"text-editor.default\">\n\t\t\t\t<div class=\"elementor-widget-container\">\n\t\t\t\t\t\t\t\t<div class=\"elementor-text-editor elementor-clearfix\">\n\t\t\t\t<p><a href=\"http:\/\/arrimice.com\/index.php\/politikalarimiz\/\"><span class=\"brgmenu-item\"><span class=\"brgmenu-iteminner\">POL\u0130T\u0130KALARIMIZ<\/span><\/span><\/a><\/p><ul><li><a href=\"http:\/\/arrimice.com\/index.php\/politikalarimiz\/\"><span class=\"brgmenu-item\">E B\u00dcLTEN S\u00d6ZLE\u015eMES\u0130<\/span><\/a><\/li><li><a href=\"http:\/\/arrimice.com\/index.php\/politikalarimiz\/\"><span class=\"brgmenu-item\">H\u0130ZMET S\u00d6ZLE\u015eMES\u0130<\/span><\/a><\/li><li><a href=\"http:\/\/arrimice.com\/index.php\/politikalarimiz\/\"><span class=\"brgmenu-item\">\u00dcYEL\u0130K S\u00d6ZLE\u015eMES\u0130<\/span><\/a><\/li><li><a href=\"http:\/\/arrimice.com\/index.php\/politikalarimiz\/\"><span class=\"brgmenu-item\">\u0130NSAN KAYNAKLARI<\/span><\/a><\/li><li><a href=\"http:\/\/arrimice.com\/index.php\/politikalarimiz\/\"><span class=\"brgmenu-item\">K\u00dcTAHYA \u00c7\u0130ZERGES\u0130<\/span><\/a><\/li><\/ul>\t\t\t\t\t<\/div>\n\t\t\t\t\t\t<\/div>\n\t\t\t\t<\/div>\n\t\t\t\t\t\t<\/div>\n\t\t\t\t\t<\/div>\n\t\t<\/div>\n\t\t\t\t\t\t\t\t<\/div>\n\t\t\t\t\t<\/div>\n\t\t<\/section>\n\t\t\t\t<div class=\"elementor-element elementor-element-3df94ae7 elementor-invisible elementor-widget elementor-widget-image\" data-id=\"3df94ae7\" data-element_type=\"widget\" data-settings=\"{&quot;_animation&quot;:&quot;slideInRight&quot;}\" data-widget_type=\"image.default\">\n\t\t\t\t<div class=\"elementor-widget-container\">\n\t\t\t\t\t\t\t\t<div class=\"elementor-image\">\n\t\t\t\t\t\t\t\t\t\t\t\t<img width=\"768\" height=\"147\" src=\"http:\/\/arrimice.com\/wp-content\/uploads\/2020\/11\/Arri-sirketler-logo.png\" class=\"attachment-large size-large\" alt=\"\" loading=\"lazy\" srcset=\"http:\/\/arrimice.com\/wp-content\/uploads\/2020\/11\/Arri-sirketler-logo.png 768w, http:\/\/arrimice.com\/wp-content\/uploads\/2020\/11\/Arri-sirketler-logo-300x57.png 300w\" sizes=\"(max-width: 768px) 100vw, 768px\" \/>\t\t\t\t\t\t\t\t\t\t\t\t\t\t<\/div>\n\t\t\t\t\t\t<\/div>\n\t\t\t\t<\/div>\n\t\t\t\t\t\t<\/div>\n\t\t\t\t\t<\/div>\n\t\t<\/div>\n\t\t\t\t\t\t\t\t<\/div>\n\t\t\t\t\t<\/div>\n\t\t<\/section>\n\t\t\t\t\t\t<\/div>\n\t\t\t\t\t\t<\/div>\n\t\t\t\t\t<\/div>\n\t\t","protected":false},"excerpt":{"rendered":"<p>http:\/\/arrimice.com\/wp-content\/uploads\/2020\/11\/Arri-Mice-tanitim-video.mp4 HAKKIMIZDA KURUMSAL V\u0130ZYON M\u0130SYON B\u0130ZE ULA\u015eIN POL\u0130T\u0130KALARIMIZ E B\u00dcLTEN S\u00d6ZLE\u015eMES\u0130 H\u0130ZMET S\u00d6ZLE\u015eMES\u0130 \u00dcYEL\u0130K S\u00d6ZLE\u015eMES\u0130 \u0130NSAN KAYNAKLARI K\u00dcTAHYA \u00c7\u0130ZERGES\u0130<\/p>\n","protected":false},"author":1,"featured_media":0,"parent":0,"menu_order":0,"comment_status":"closed","ping_status":"closed","template":"","meta":[],"_links":{"self":[{"href":"http:\/\/arrimice.com\/index.php\/wp-json\/wp\/v2\/pages\/1568"}],"collection":[{"href":"http:\/\/arrimice.com\/index.php\/wp-json\/wp\/v2\/pages"}],"about":[{"href":"http:\/\/arrimice.com\/index.php\/wp-json\/wp\/v2\/types\/page"}],"author":[{"embeddable":true,"href":"http:\/\/arrimice.com\/index.php\/wp-json\/wp\/v2\/users\/1"}],"replies":[{"embeddable":true,"href":"http:\/\/arrimice.com\/index.php\/wp-json\/wp\/v2\/comments?post=1568"}],"version-history":[{"count":11,"href":"http:\/\/arrimice.com\/index.php\/wp-json\/wp\/v2\/pages\/1568\/revisions"}],"predecessor-version":[{"id":2402,"href":"http:\/\/arrimice.com\/index.php\/wp-json\/wp\/v2\/pages\/1568\/revisions\/2402"}],"wp:attachment":[{"href":"http:\/\/arrimice.com\/index.php\/wp-json\/wp\/v2\/media?parent=1568"}],"curies":[{"name":"wp","href":"https:\/\/api.w.org\/{rel}","templated":true}]}}