{"id":2369,"date":"2021-01-29T14:30:51","date_gmt":"2021-01-29T14:30:51","guid":{"rendered":"http:\/\/arrimice.com\/?page_id=2369"},"modified":"2021-01-29T15:28:51","modified_gmt":"2021-01-29T15:28:51","slug":"uber-uns","status":"publish","type":"page","link":"http:\/\/arrimice.com\/index.php\/de\/uber-uns\/","title":{"rendered":"\u00dcber uns"},"content":{"rendered":"\t\t<div data-elementor-type=\"wp-page\" data-elementor-id=\"2369\" class=\"elementor elementor-2369\" data-elementor-settings=\"[]\">\n\t\t\t\t\t\t<div class=\"elementor-inner\">\n\t\t\t\t\t\t\t<div class=\"elementor-section-wrap\">\n\t\t\t\t\t\t\t<section class=\"elementor-section elementor-top-section elementor-element elementor-element-7ca8aab6 elementor-section-boxed elementor-section-height-default elementor-section-height-default\" data-id=\"7ca8aab6\" data-element_type=\"section\">\n\t\t\t\t\t\t<div class=\"elementor-container elementor-column-gap-default\">\n\t\t\t\t\t\t\t<div class=\"elementor-row\">\n\t\t\t\t\t<div class=\"elementor-column elementor-col-100 elementor-top-column elementor-element elementor-element-2f154ad7\" data-id=\"2f154ad7\" data-element_type=\"column\">\n\t\t\t<div class=\"elementor-column-wrap elementor-element-populated\">\n\t\t\t\t\t\t\t<div class=\"elementor-widget-wrap\">\n\t\t\t\t\t\t<div class=\"elementor-element elementor-element-725a0195 elementor-widget elementor-widget-text-editor\" data-id=\"725a0195\" data-element_type=\"widget\" data-widget_type=\"text-editor.default\">\n\t\t\t\t<div class=\"elementor-widget-container\">\n\t\t\t\t\t\t\t\t<div class=\"elementor-text-editor elementor-clearfix\">\n\t\t\t\t\t\t\t\t\t<\/div>\n\t\t\t\t\t\t<\/div>\n\t\t\t\t<\/div>\n\t\t\t\t\t\t<\/div>\n\t\t\t\t\t<\/div>\n\t\t<\/div>\n\t\t\t\t\t\t\t\t<\/div>\n\t\t\t\t\t<\/div>\n\t\t<\/section>\n\t\t\t\t<section class=\"elementor-section elementor-top-section elementor-element elementor-element-397ce313 elementor-section-boxed elementor-section-height-default elementor-section-height-default\" data-id=\"397ce313\" data-element_type=\"section\">\n\t\t\t\t\t\t<div class=\"elementor-container elementor-column-gap-default\">\n\t\t\t\t\t\t\t<div class=\"elementor-row\">\n\t\t\t\t\t<div class=\"elementor-column elementor-col-50 elementor-top-column elementor-element elementor-element-35aacfcd\" data-id=\"35aacfcd\" data-element_type=\"column\">\n\t\t\t<div class=\"elementor-column-wrap elementor-element-populated\">\n\t\t\t\t\t\t\t<div class=\"elementor-widget-wrap\">\n\t\t\t\t\t\t<div class=\"elementor-element elementor-element-13bc213f elementor-widget elementor-widget-spacer\" data-id=\"13bc213f\" data-element_type=\"widget\" data-widget_type=\"spacer.default\">\n\t\t\t\t<div class=\"elementor-widget-container\">\n\t\t\t\t\t<div class=\"elementor-spacer\">\n\t\t\t<div class=\"elementor-spacer-inner\"><\/div>\n\t\t<\/div>\n\t\t\t\t<\/div>\n\t\t\t\t<\/div>\n\t\t\t\t<div class=\"elementor-element elementor-element-5db05bf4 elementor-hidden-phone elementor-aspect-ratio-169 elementor-widget elementor-widget-video\" data-id=\"5db05bf4\" data-element_type=\"widget\" data-settings=\"{&quot;video_type&quot;:&quot;hosted&quot;,&quot;autoplay&quot;:&quot;yes&quot;,&quot;mute&quot;:&quot;yes&quot;,&quot;loop&quot;:&quot;yes&quot;,&quot;play_on_mobile&quot;:&quot;yes&quot;,&quot;aspect_ratio&quot;:&quot;169&quot;}\" data-widget_type=\"video.default\">\n\t\t\t\t<div class=\"elementor-widget-container\">\n\t\t\t\t\t<div class=\"e-hosted-video elementor-wrapper elementor-fit-aspect-ratio elementor-open-inline\">\n\t\t\t\t\t<video class=\"elementor-video\" src=\"http:\/\/arrimice.com\/wp-content\/uploads\/2020\/11\/Arri-Mice-tanitim-video.mp4\" autoplay=\"\" loop=\"\" muted=\"muted\" playsinline=\"\" controlsList=\"nodownload\"><\/video>\n\t\t\t\t<\/div>\n\t\t\t\t<\/div>\n\t\t\t\t<\/div>\n\t\t\t\t\t\t<\/div>\n\t\t\t\t\t<\/div>\n\t\t<\/div>\n\t\t\t\t<div class=\"elementor-column elementor-col-50 elementor-top-column elementor-element elementor-element-4a5f429d\" data-id=\"4a5f429d\" data-element_type=\"column\">\n\t\t\t<div class=\"elementor-column-wrap elementor-element-populated\">\n\t\t\t\t\t\t\t<div class=\"elementor-widget-wrap\">\n\t\t\t\t\t\t<div class=\"elementor-element elementor-element-28c2470 elementor-widget elementor-widget-spacer\" data-id=\"28c2470\" data-element_type=\"widget\" data-widget_type=\"spacer.default\">\n\t\t\t\t<div class=\"elementor-widget-container\">\n\t\t\t\t\t<div class=\"elementor-spacer\">\n\t\t\t<div class=\"elementor-spacer-inner\"><\/div>\n\t\t<\/div>\n\t\t\t\t<\/div>\n\t\t\t\t<\/div>\n\t\t\t\t<div class=\"elementor-element elementor-element-1b57fee6 elementor-widget elementor-widget-image-carousel\" data-id=\"1b57fee6\" data-element_type=\"widget\" data-settings=\"{&quot;slides_to_show&quot;:&quot;1&quot;,&quot;navigation&quot;:&quot;none&quot;,&quot;pause_on_hover&quot;:&quot;no&quot;,&quot;pause_on_interaction&quot;:&quot;no&quot;,&quot;autoplay_speed&quot;:3000,&quot;autoplay&quot;:&quot;yes&quot;,&quot;infinite&quot;:&quot;yes&quot;,&quot;effect&quot;:&quot;slide&quot;,&quot;speed&quot;:500}\" data-widget_type=\"image-carousel.default\">\n\t\t\t\t<div class=\"elementor-widget-container\">\n\t\t\t\t\t<div class=\"elementor-image-carousel-wrapper swiper-container\" dir=\"ltr\">\n\t\t\t<div class=\"elementor-image-carousel swiper-wrapper\">\n\t\t\t\t\t\t\t\t<div class=\"swiper-slide\"><figure class=\"swiper-slide-inner\"><img class=\"swiper-slide-image\" src=\"http:\/\/arrimice.com\/wp-content\/uploads\/2020\/11\/A-r-r-i-mice-1-1-1024x390.jpg\" alt=\"A r r i mice 1 (1)\" \/><\/figure><\/div><div class=\"swiper-slide\"><figure class=\"swiper-slide-inner\"><img class=\"swiper-slide-image\" src=\"http:\/\/arrimice.com\/wp-content\/uploads\/2020\/11\/A-r-r-i-mice-1-2-1024x390.jpg\" alt=\"A r r i mice 1 (2)\" \/><\/figure><\/div><div class=\"swiper-slide\"><figure class=\"swiper-slide-inner\"><img class=\"swiper-slide-image\" src=\"http:\/\/arrimice.com\/wp-content\/uploads\/2020\/11\/A-r-r-i-mice-1-3-1024x390.jpg\" alt=\"A r r i mice 1 (3)\" \/><\/figure><\/div><div class=\"swiper-slide\"><figure class=\"swiper-slide-inner\"><img class=\"swiper-slide-image\" src=\"http:\/\/arrimice.com\/wp-content\/uploads\/2020\/11\/A-r-r-i-mice-1-4-1024x390.jpg\" alt=\"A r r i mice 1 (4)\" \/><\/figure><\/div>\t\t\t<\/div>\n\t\t\t\t\t\t\t\t\t\t\t\t\t\t\t\t<\/div>\n\t\t\t\t<\/div>\n\t\t\t\t<\/div>\n\t\t\t\t\t\t<\/div>\n\t\t\t\t\t<\/div>\n\t\t<\/div>\n\t\t\t\t\t\t\t\t<\/div>\n\t\t\t\t\t<\/div>\n\t\t<\/section>\n\t\t\t\t<section class=\"elementor-section elementor-top-section elementor-element elementor-element-c654eb8 elementor-section-boxed elementor-section-height-default elementor-section-height-default\" data-id=\"c654eb8\" data-element_type=\"section\">\n\t\t\t\t\t\t<div class=\"elementor-container elementor-column-gap-default\">\n\t\t\t\t\t\t\t<div class=\"elementor-row\">\n\t\t\t\t\t<div class=\"elementor-column elementor-col-100 elementor-top-column elementor-element elementor-element-26f44b1\" data-id=\"26f44b1\" data-element_type=\"column\">\n\t\t\t<div class=\"elementor-column-wrap elementor-element-populated\">\n\t\t\t\t\t\t\t<div class=\"elementor-widget-wrap\">\n\t\t\t\t\t\t<div class=\"elementor-element elementor-element-762fd32 elementor-widget-divider--view-line elementor-widget elementor-widget-divider\" data-id=\"762fd32\" data-element_type=\"widget\" data-widget_type=\"divider.default\">\n\t\t\t\t<div class=\"elementor-widget-container\">\n\t\t\t\t\t<div class=\"elementor-divider\">\n\t\t\t<span class=\"elementor-divider-separator\">\n\t\t\t\t\t\t<\/span>\n\t\t<\/div>\n\t\t\t\t<\/div>\n\t\t\t\t<\/div>\n\t\t\t\t\t\t<\/div>\n\t\t\t\t\t<\/div>\n\t\t<\/div>\n\t\t\t\t\t\t\t\t<\/div>\n\t\t\t\t\t<\/div>\n\t\t<\/section>\n\t\t\t\t<section class=\"elementor-section elementor-top-section elementor-element elementor-element-a94c23a elementor-section-boxed elementor-section-height-default elementor-section-height-default\" data-id=\"a94c23a\" data-element_type=\"section\" data-settings=\"{&quot;background_background&quot;:&quot;gradient&quot;}\">\n\t\t\t\t\t\t<div class=\"elementor-container elementor-column-gap-default\">\n\t\t\t\t\t\t\t<div class=\"elementor-row\">\n\t\t\t\t\t<div class=\"elementor-column elementor-col-100 elementor-top-column elementor-element elementor-element-747bf15\" data-id=\"747bf15\" data-element_type=\"column\">\n\t\t\t<div class=\"elementor-column-wrap elementor-element-populated\">\n\t\t\t\t\t\t\t<div class=\"elementor-widget-wrap\">\n\t\t\t\t\t\t<div class=\"elementor-element elementor-element-309195d elementor-tabs-view-vertical elementor-widget elementor-widget-tabs\" data-id=\"309195d\" data-element_type=\"widget\" data-widget_type=\"tabs.default\">\n\t\t\t\t<div class=\"elementor-widget-container\">\n\t\t\t\t\t<div class=\"elementor-tabs\">\n\t\t\t<div class=\"elementor-tabs-wrapper\" role=\"tablist\" >\n\t\t\t\t\t\t\t\t\t<div id=\"elementor-tab-title-5091\" class=\"elementor-tab-title elementor-tab-desktop-title\" aria-selected=\"true\" data-tab=\"1\" role=\"tab\" tabindex=\"0\" aria-controls=\"elementor-tab-content-5091\" aria-expanded=\"false\"><a href=\"\">\u00dcber uns<\/a><\/div>\n\t\t\t\t\t\t\t\t\t<div id=\"elementor-tab-title-5092\" class=\"elementor-tab-title elementor-tab-desktop-title\" aria-selected=\"false\" data-tab=\"2\" role=\"tab\" tabindex=\"-1\" aria-controls=\"elementor-tab-content-5092\" aria-expanded=\"false\"><a href=\"\">Corporate<\/a><\/div>\n\t\t\t\t\t\t\t\t\t<div id=\"elementor-tab-title-5093\" class=\"elementor-tab-title elementor-tab-desktop-title\" aria-selected=\"false\" data-tab=\"3\" role=\"tab\" tabindex=\"-1\" aria-controls=\"elementor-tab-content-5093\" aria-expanded=\"false\"><a href=\"\">Vision<\/a><\/div>\n\t\t\t\t\t\t\t\t\t<div id=\"elementor-tab-title-5094\" class=\"elementor-tab-title elementor-tab-desktop-title\" aria-selected=\"false\" data-tab=\"4\" role=\"tab\" tabindex=\"-1\" aria-controls=\"elementor-tab-content-5094\" aria-expanded=\"false\"><a href=\"\">Mission<\/a><\/div>\n\t\t\t\t\t\t\t<\/div>\n\t\t\t<div class=\"elementor-tabs-content-wrapper\" role=\"tablist\" aria-orientation=\"vertical\">\n\t\t\t\t\t\t\t\t\t<div class=\"elementor-tab-title elementor-tab-mobile-title\" aria-selected=\"true\" data-tab=\"1\" role=\"tab\" tabindex=\"0\" aria-controls=\"elementor-tab-content-5091\" aria-expanded=\"false\">\u00dcber uns<\/div>\n\t\t\t\t\t<div id=\"elementor-tab-content-5091\" class=\"elementor-tab-content elementor-clearfix\" data-tab=\"1\" role=\"tabpanel\" aria-labelledby=\"elementor-tab-title-5091\" tabindex=\"0\" hidden=\"false\"><p>Arri Tur wurde 2009 gegr\u00fcndet und war ein wichtiger Meilenstein f\u00fcr die Tourismuswelt. Arritur, ein Reiseveranstalter mit der Mission, die ersten im inl\u00e4ndischen organisierten Reisesektor zu realisieren, indem er seit seiner Gr\u00fcndung schnell gewachsen ist, hat mit seiner vision\u00e4ren Struktur auch viele erste Erfolge erzielt.<\/p><p>Die f\u00fchrenden Reise- und Tourismusorganisationen der T\u00fcrkei, die Arrhythmie betreiben und Hunderte von Hotelverk\u00e4ufen und -marketing im Land durchf\u00fchren. T\u00fcrkei 15, w\u00e4hrend im Ausland, Gro\u00dfbritannien, Iran, Algerien, produziert das Unternehmen Hunderte von Tour-Paketen f\u00fcr Reiseziele Kuwait wird Karyatit in Antalya Old City Hotelier unter dem Dach gebaut.<\/p><p>Die T\u00fcrkei-Agentur f\u00fcr Reiseb\u00fcros (T\u00dcRSAB &#8211; 7109), die Mitglieder unserer Agentur sind, soll die Verbraucher vor illegalen Agenten sch\u00fctzen und ihre Gewerkschaft gr\u00fcnden, um m\u00f6gliche Missst\u00e4nde beim Leben zu vermeiden. Holiday Angel verf\u00fcgt \u00fcber die Datenmatrix-Anwendungen.<\/p><p>Als ARR\u0130TUR, das seine Aktivit\u00e4ten von Tag zu Tag erweitert, werden wir Ihre Tr\u00e4ume weiterhin mit der Erfahrung, Qualit\u00e4t und dem Engagement verwirklichen, die wir haben.<\/p><\/div>\n\t\t\t\t\t\t\t\t\t<div class=\"elementor-tab-title elementor-tab-mobile-title\" aria-selected=\"false\" data-tab=\"2\" role=\"tab\" tabindex=\"-1\" aria-controls=\"elementor-tab-content-5092\" aria-expanded=\"false\">Corporate<\/div>\n\t\t\t\t\t<div id=\"elementor-tab-content-5092\" class=\"elementor-tab-content elementor-clearfix\" data-tab=\"2\" role=\"tabpanel\" aria-labelledby=\"elementor-tab-title-5092\" tabindex=\"0\" hidden=\"hidden\"><p>\u00a0<\/p><table border=\"0\" width=\"632\" cellspacing=\"0\" cellpadding=\"0\"><tbody><tr><td><p><strong>Unternehmen Titel<\/strong><\/p><\/td><td><p><strong>:<\/strong><\/p><\/td><td><p><strong>Arri Tur Reklamc<\/strong><strong>\u0131l\u0131k \u00d6zel E\u011fitim Ta\u015f\u0131mac\u0131l\u0131k \u0130n\u015f. San. Tic Ltd. \u015eti<\/strong><\/p><\/td><\/tr><tr><td><p><strong>Finanzamt und Nummer<\/strong><\/p><\/td><td><p><strong>:<\/strong><\/p><\/td><td><p><strong>Kurumlar V.D. 0800340036<\/strong><\/p><\/td><\/tr><tr><td><p><strong>Handelsregisternummer<\/strong><\/p><\/td><td><p><strong>:<\/strong><\/p><\/td><td><p><strong>67077<\/strong><\/p><\/td><\/tr><tr><td><p><strong>Registrierungsdatum<\/strong><\/p><\/td><td><p><strong>:<\/strong><\/p><\/td><td><p><strong>25.07.2010<\/strong><\/p><\/td><\/tr><tr><td><p><strong>Mersis Nr<\/strong><\/p><\/td><td><p><strong>:<\/strong><\/p><\/td><td><p><strong>0080034003800015<\/strong><\/p><\/td><\/tr><tr><td><p><strong>Center-Adresse<\/strong><\/p><\/td><td><p><strong>:<\/strong><\/p><\/td><td><p><strong>K\u0131l\u0131n\u00e7aslan mah. Kadir Pa\u015fa sk. No 9 Muratpa\u015fa \/ ANTALYA<\/strong><\/p><\/td><\/tr><tr><td><strong>Pr\u00e4sident des Verwaltungsrates<\/strong><\/td><td>\u00a0<\/td><td><p><strong>Levent DA<\/strong><strong>\u011eCI<\/strong><\/p><\/td><\/tr><tr><td><p><strong>Gezeichnetes Kapital<\/strong><\/p><\/td><td><p><strong>:<\/strong><\/p><\/td><td><p><strong>500.000<\/strong><\/p><\/td><\/tr><tr><td><p><strong>Kapitalr\u00fccklage<\/strong><\/p><\/td><td><p><strong>:<\/strong><\/p><\/td><td><p><strong>500.000<\/strong><\/p><\/td><\/tr><tr><td><p><strong>Unabh\u00e4ngiger Wirtschaftspr\u00fcfer<\/strong><\/p><\/td><td><p><strong>:<\/strong><\/p><\/td><td><p><strong>Nk Denetim Dan\u0131\u015fmanl\u0131k<\/strong><\/p><\/td><\/tr><\/tbody><\/table><\/div>\n\t\t\t\t\t\t\t\t\t<div class=\"elementor-tab-title elementor-tab-mobile-title\" aria-selected=\"false\" data-tab=\"3\" role=\"tab\" tabindex=\"-1\" aria-controls=\"elementor-tab-content-5093\" aria-expanded=\"false\">Vision<\/div>\n\t\t\t\t\t<div id=\"elementor-tab-content-5093\" class=\"elementor-tab-content elementor-clearfix\" data-tab=\"3\" role=\"tabpanel\" aria-labelledby=\"elementor-tab-title-5093\" tabindex=\"0\" hidden=\"hidden\"><p>Unser Ziel als ARR\u0130TUR ist es, die Vertrauens- und Aufrichtigkeitsbindungen zwischen uns zu st\u00e4rken, indem wir auf h\u00f6chstem Niveau auf die Erwartungen unserer Kunden eingehen.<\/p><\/div>\n\t\t\t\t\t\t\t\t\t<div class=\"elementor-tab-title elementor-tab-mobile-title\" aria-selected=\"false\" data-tab=\"4\" role=\"tab\" tabindex=\"-1\" aria-controls=\"elementor-tab-content-5094\" aria-expanded=\"false\">Mission<\/div>\n\t\t\t\t\t<div id=\"elementor-tab-content-5094\" class=\"elementor-tab-content elementor-clearfix\" data-tab=\"4\" role=\"tabpanel\" aria-labelledby=\"elementor-tab-title-5094\" tabindex=\"0\" hidden=\"hidden\"><p>Angesichts der Dynamik und Trends des sich st\u00e4ndig ver\u00e4ndernden Tourismussektors m\u00f6chten wir mit unseren Teamkollegen, die f\u00fcr das richtige Orts- und Zeitmanagement verantwortlich sind, zu den f\u00fchrenden Unternehmen auf dem Tourismusmarkt geh\u00f6ren.<\/p><\/div>\n\t\t\t\t\t\t\t<\/div>\n\t\t<\/div>\n\t\t\t\t<\/div>\n\t\t\t\t<\/div>\n\t\t\t\t\t\t<\/div>\n\t\t\t\t\t<\/div>\n\t\t<\/div>\n\t\t\t\t\t\t\t\t<\/div>\n\t\t\t\t\t<\/div>\n\t\t<\/section>\n\t\t\t\t<section class=\"elementor-section elementor-top-section elementor-element elementor-element-36830ac elementor-section-boxed elementor-section-height-default elementor-section-height-default\" data-id=\"36830ac\" data-element_type=\"section\">\n\t\t\t\t\t\t<div class=\"elementor-container elementor-column-gap-default\">\n\t\t\t\t\t\t\t<div class=\"elementor-row\">\n\t\t\t\t\t<div class=\"elementor-column elementor-col-100 elementor-top-column elementor-element elementor-element-c93b8f1\" data-id=\"c93b8f1\" data-element_type=\"column\">\n\t\t\t<div class=\"elementor-column-wrap elementor-element-populated\">\n\t\t\t\t\t\t\t<div class=\"elementor-widget-wrap\">\n\t\t\t\t\t\t<div class=\"elementor-element elementor-element-331b4b9 elementor-widget-divider--view-line elementor-widget elementor-widget-divider\" data-id=\"331b4b9\" data-element_type=\"widget\" data-widget_type=\"divider.default\">\n\t\t\t\t<div class=\"elementor-widget-container\">\n\t\t\t\t\t<div class=\"elementor-divider\">\n\t\t\t<span class=\"elementor-divider-separator\">\n\t\t\t\t\t\t<\/span>\n\t\t<\/div>\n\t\t\t\t<\/div>\n\t\t\t\t<\/div>\n\t\t\t\t\t\t<\/div>\n\t\t\t\t\t<\/div>\n\t\t<\/div>\n\t\t\t\t\t\t\t\t<\/div>\n\t\t\t\t\t<\/div>\n\t\t<\/section>\n\t\t\t\t<section class=\"elementor-section elementor-top-section elementor-element elementor-element-a48d4cb elementor-section-boxed elementor-section-height-default elementor-section-height-default\" data-id=\"a48d4cb\" data-element_type=\"section\">\n\t\t\t\t\t\t<div class=\"elementor-container elementor-column-gap-default\">\n\t\t\t\t\t\t\t<div class=\"elementor-row\">\n\t\t\t\t\t<div class=\"elementor-column elementor-col-100 elementor-top-column elementor-element elementor-element-5fbb0ab\" data-id=\"5fbb0ab\" data-element_type=\"column\">\n\t\t\t<div class=\"elementor-column-wrap elementor-element-populated\">\n\t\t\t\t\t\t\t<div class=\"elementor-widget-wrap\">\n\t\t\t\t\t\t<section class=\"elementor-section elementor-inner-section elementor-element elementor-element-f00dae1 elementor-section-boxed elementor-section-height-default elementor-section-height-default\" data-id=\"f00dae1\" data-element_type=\"section\">\n\t\t\t\t\t\t<div class=\"elementor-container elementor-column-gap-default\">\n\t\t\t\t\t\t\t<div class=\"elementor-row\">\n\t\t\t\t\t<div class=\"elementor-column elementor-col-25 elementor-inner-column elementor-element elementor-element-f395fab\" data-id=\"f395fab\" data-element_type=\"column\">\n\t\t\t<div class=\"elementor-column-wrap elementor-element-populated\">\n\t\t\t\t\t\t\t<div class=\"elementor-widget-wrap\">\n\t\t\t\t\t\t<div class=\"elementor-element elementor-element-ebf461d elementor-widget elementor-widget-spacer\" data-id=\"ebf461d\" data-element_type=\"widget\" data-widget_type=\"spacer.default\">\n\t\t\t\t<div class=\"elementor-widget-container\">\n\t\t\t\t\t<div class=\"elementor-spacer\">\n\t\t\t<div class=\"elementor-spacer-inner\"><\/div>\n\t\t<\/div>\n\t\t\t\t<\/div>\n\t\t\t\t<\/div>\n\t\t\t\t<div class=\"elementor-element elementor-element-5ed1be8 elementor-widget elementor-widget-image\" data-id=\"5ed1be8\" data-element_type=\"widget\" data-widget_type=\"image.default\">\n\t\t\t\t<div class=\"elementor-widget-container\">\n\t\t\t\t\t\t\t\t<div class=\"elementor-image\">\n\t\t\t\t\t\t\t\t\t\t\t\t<img width=\"236\" height=\"67\" src=\"http:\/\/arrimice.com\/wp-content\/uploads\/2020\/11\/Arri_mice_logo.png\" class=\"attachment-large size-large\" alt=\"\" loading=\"lazy\" \/>\t\t\t\t\t\t\t\t\t\t\t\t\t\t<\/div>\n\t\t\t\t\t\t<\/div>\n\t\t\t\t<\/div>\n\t\t\t\t\t\t<\/div>\n\t\t\t\t\t<\/div>\n\t\t<\/div>\n\t\t\t\t<div class=\"elementor-column elementor-col-25 elementor-inner-column elementor-element elementor-element-4d16521\" data-id=\"4d16521\" data-element_type=\"column\">\n\t\t\t<div class=\"elementor-column-wrap elementor-element-populated\">\n\t\t\t\t\t\t\t<div class=\"elementor-widget-wrap\">\n\t\t\t\t\t\t<div class=\"elementor-element elementor-element-72ff024 elementor-widget elementor-widget-spacer\" data-id=\"72ff024\" data-element_type=\"widget\" data-widget_type=\"spacer.default\">\n\t\t\t\t<div class=\"elementor-widget-container\">\n\t\t\t\t\t<div class=\"elementor-spacer\">\n\t\t\t<div class=\"elementor-spacer-inner\"><\/div>\n\t\t<\/div>\n\t\t\t\t<\/div>\n\t\t\t\t<\/div>\n\t\t\t\t<div class=\"elementor-element elementor-element-512eb6d elementor-widget elementor-widget-image\" data-id=\"512eb6d\" data-element_type=\"widget\" data-widget_type=\"image.default\">\n\t\t\t\t<div class=\"elementor-widget-container\">\n\t\t\t\t\t\t\t\t<div class=\"elementor-image\">\n\t\t\t\t\t\t\t\t\t\t\t\t\t<a href=\"https:\/\/www.tursab.org.tr\/tr\/ddsv\">\n\t\t\t\t\t\t\t<img width=\"290\" height=\"132\" src=\"http:\/\/arrimice.com\/wp-content\/uploads\/2021\/01\/tursab-dvs-7109.png\" class=\"attachment-large size-large\" alt=\"\" loading=\"lazy\" \/>\t\t\t\t\t\t\t\t<\/a>\n\t\t\t\t\t\t\t\t\t\t\t\t\t\t<\/div>\n\t\t\t\t\t\t<\/div>\n\t\t\t\t<\/div>\n\t\t\t\t\t\t<\/div>\n\t\t\t\t\t<\/div>\n\t\t<\/div>\n\t\t\t\t<div class=\"elementor-column elementor-col-25 elementor-inner-column elementor-element elementor-element-5a3a72f\" data-id=\"5a3a72f\" data-element_type=\"column\">\n\t\t\t<div class=\"elementor-column-wrap elementor-element-populated\">\n\t\t\t\t\t\t\t<div class=\"elementor-widget-wrap\">\n\t\t\t\t\t\t<div class=\"elementor-element elementor-element-d369cdb elementor-widget elementor-widget-text-editor\" data-id=\"d369cdb\" data-element_type=\"widget\" data-widget_type=\"text-editor.default\">\n\t\t\t\t<div class=\"elementor-widget-container\">\n\t\t\t\t\t\t\t\t<div class=\"elementor-text-editor elementor-clearfix\">\n\t\t\t\t<ul><li><a href=\"http:\/\/arrimice.com\/index.php\/de\/uber-uns\/\">\u00dcBER UNS<\/a><\/li><li><a href=\"http:\/\/arrimice.com\/index.php\/de\/uber-uns\/\">CORPORATE<\/a><\/li><li><a href=\"http:\/\/arrimice.com\/index.php\/de\/uber-uns\/\">VISION<\/a><\/li><li><a href=\"http:\/\/arrimice.com\/index.php\/de\/uber-uns\/\">MISSION<\/a><\/li><li><a href=\"http:\/\/arrimice.com\/index.php\/de\/kontakt\/\">KONTAKT<\/a><\/li><\/ul>\t\t\t\t\t<\/div>\n\t\t\t\t\t\t<\/div>\n\t\t\t\t<\/div>\n\t\t\t\t\t\t<\/div>\n\t\t\t\t\t<\/div>\n\t\t<\/div>\n\t\t\t\t<div class=\"elementor-column elementor-col-25 elementor-inner-column elementor-element elementor-element-b3072e7\" data-id=\"b3072e7\" data-element_type=\"column\">\n\t\t\t<div class=\"elementor-column-wrap elementor-element-populated\">\n\t\t\t\t\t\t\t<div class=\"elementor-widget-wrap\">\n\t\t\t\t\t\t<div class=\"elementor-element elementor-element-43dc984 elementor-widget elementor-widget-text-editor\" data-id=\"43dc984\" data-element_type=\"widget\" data-widget_type=\"text-editor.default\">\n\t\t\t\t<div class=\"elementor-widget-container\">\n\t\t\t\t\t\t\t\t<div class=\"elementor-text-editor elementor-clearfix\">\n\t\t\t\t<ul><li><a href=\"http:\/\/arrimice.com\/index.php\/de\/geschaftspolitik\/\">GESCH\u00c4FTSPOLITIK<\/a><\/li><li><a href=\"http:\/\/arrimice.com\/index.php\/de\/geschaftspolitik\/\">VEREINBARUNG<\/a><\/li><li><a href=\"http:\/\/arrimice.com\/index.php\/de\/geschaftspolitik\/\">DIENSTLEISTUNGSVERTRAG<\/a><\/li><li><a href=\"http:\/\/arrimice.com\/index.php\/de\/geschaftspolitik\/\">MITGLIEDSCHAFTSVEREINBARUNG<\/a><\/li><li><a href=\"http:\/\/arrimice.com\/index.php\/de\/geschaftspolitik\/\">HUMAN RESOURCES<\/a><\/li><\/ul>\t\t\t\t\t<\/div>\n\t\t\t\t\t\t<\/div>\n\t\t\t\t<\/div>\n\t\t\t\t\t\t<\/div>\n\t\t\t\t\t<\/div>\n\t\t<\/div>\n\t\t\t\t\t\t\t\t<\/div>\n\t\t\t\t\t<\/div>\n\t\t<\/section>\n\t\t\t\t<div class=\"elementor-element elementor-element-917ad0c elementor-invisible elementor-widget elementor-widget-image\" data-id=\"917ad0c\" data-element_type=\"widget\" data-settings=\"{&quot;_animation&quot;:&quot;slideInRight&quot;}\" data-widget_type=\"image.default\">\n\t\t\t\t<div class=\"elementor-widget-container\">\n\t\t\t\t\t\t\t\t<div class=\"elementor-image\">\n\t\t\t\t\t\t\t\t\t\t\t\t<img width=\"768\" height=\"147\" src=\"http:\/\/arrimice.com\/wp-content\/uploads\/2020\/11\/Arri-sirketler-logo.png\" class=\"attachment-large size-large\" alt=\"\" loading=\"lazy\" srcset=\"http:\/\/arrimice.com\/wp-content\/uploads\/2020\/11\/Arri-sirketler-logo.png 768w, http:\/\/arrimice.com\/wp-content\/uploads\/2020\/11\/Arri-sirketler-logo-300x57.png 300w\" sizes=\"(max-width: 768px) 100vw, 768px\" \/>\t\t\t\t\t\t\t\t\t\t\t\t\t\t<\/div>\n\t\t\t\t\t\t<\/div>\n\t\t\t\t<\/div>\n\t\t\t\t\t\t<\/div>\n\t\t\t\t\t<\/div>\n\t\t<\/div>\n\t\t\t\t\t\t\t\t<\/div>\n\t\t\t\t\t<\/div>\n\t\t<\/section>\n\t\t\t\t\t\t<\/div>\n\t\t\t\t\t\t<\/div>\n\t\t\t\t\t<\/div>\n\t\t","protected":false},"excerpt":{"rendered":"<p>http:\/\/arrimice.com\/wp-content\/uploads\/2020\/11\/Arri-Mice-tanitim-video.mp4 \u00dcber uns Corporate Vision Mission \u00dcber uns Arri Tur wurde 2009 gegr\u00fcndet und war ein wichtiger Meilenstein f\u00fcr die Tourismuswelt. Arritur, ein Reiseveranstalter mit der Mission, die ersten im inl\u00e4ndischen organisierten Reisesektor zu realisieren, indem er seit seiner Gr\u00fcndung schnell gewachsen ist, hat mit seiner vision\u00e4ren Struktur auch viele erste Erfolge erzielt. Die f\u00fchrenden &hellip;<\/p>\n<p class=\"read-more\"> <a class=\"\" href=\"http:\/\/arrimice.com\/index.php\/de\/uber-uns\/\"> <span class=\"screen-reader-text\">\u00dcber uns<\/span> Devam\u0131 &raquo;<\/a><\/p>\n","protected":false},"author":1,"featured_media":0,"parent":0,"menu_order":0,"comment_status":"closed","ping_status":"closed","template":"","meta":[],"_links":{"self":[{"href":"http:\/\/arrimice.com\/index.php\/wp-json\/wp\/v2\/pages\/2369"}],"collection":[{"href":"http:\/\/arrimice.com\/index.php\/wp-json\/wp\/v2\/pages"}],"about":[{"href":"http:\/\/arrimice.com\/index.php\/wp-json\/wp\/v2\/types\/page"}],"author":[{"embeddable":true,"href":"http:\/\/arrimice.com\/index.php\/wp-json\/wp\/v2\/users\/1"}],"replies":[{"embeddable":true,"href":"http:\/\/arrimice.com\/index.php\/wp-json\/wp\/v2\/comments?post=2369"}],"version-history":[{"count":28,"href":"http:\/\/arrimice.com\/index.php\/wp-json\/wp\/v2\/pages\/2369\/revisions"}],"predecessor-version":[{"id":2455,"href":"http:\/\/arrimice.com\/index.php\/wp-json\/wp\/v2\/pages\/2369\/revisions\/2455"}],"wp:attachment":[{"href":"http:\/\/arrimice.com\/index.php\/wp-json\/wp\/v2\/media?parent=2369"}],"curies":[{"name":"wp","href":"https:\/\/api.w.org\/{rel}","templated":true}]}}