{"id":2477,"date":"2021-01-29T15:53:10","date_gmt":"2021-01-29T15:53:10","guid":{"rendered":"http:\/\/arrimice.com\/?page_id=2477"},"modified":"2021-01-29T16:15:38","modified_gmt":"2021-01-29T16:15:38","slug":"about-us","status":"publish","type":"page","link":"http:\/\/arrimice.com\/index.php\/en\/about-us\/","title":{"rendered":"About us"},"content":{"rendered":"\t\t<div data-elementor-type=\"wp-page\" data-elementor-id=\"2477\" class=\"elementor elementor-2477\" data-elementor-settings=\"[]\">\n\t\t\t\t\t\t<div class=\"elementor-inner\">\n\t\t\t\t\t\t\t<div class=\"elementor-section-wrap\">\n\t\t\t\t\t\t\t<section class=\"elementor-section elementor-top-section elementor-element elementor-element-7ca8aab6 elementor-section-boxed elementor-section-height-default elementor-section-height-default\" data-id=\"7ca8aab6\" data-element_type=\"section\">\n\t\t\t\t\t\t<div class=\"elementor-container elementor-column-gap-default\">\n\t\t\t\t\t\t\t<div class=\"elementor-row\">\n\t\t\t\t\t<div class=\"elementor-column elementor-col-100 elementor-top-column elementor-element elementor-element-2f154ad7\" data-id=\"2f154ad7\" data-element_type=\"column\">\n\t\t\t<div class=\"elementor-column-wrap elementor-element-populated\">\n\t\t\t\t\t\t\t<div class=\"elementor-widget-wrap\">\n\t\t\t\t\t\t<div class=\"elementor-element elementor-element-725a0195 elementor-widget elementor-widget-text-editor\" data-id=\"725a0195\" data-element_type=\"widget\" data-widget_type=\"text-editor.default\">\n\t\t\t\t<div class=\"elementor-widget-container\">\n\t\t\t\t\t\t\t\t<div class=\"elementor-text-editor elementor-clearfix\">\n\t\t\t\t\t\t\t\t\t<\/div>\n\t\t\t\t\t\t<\/div>\n\t\t\t\t<\/div>\n\t\t\t\t\t\t<\/div>\n\t\t\t\t\t<\/div>\n\t\t<\/div>\n\t\t\t\t\t\t\t\t<\/div>\n\t\t\t\t\t<\/div>\n\t\t<\/section>\n\t\t\t\t<section class=\"elementor-section elementor-top-section elementor-element elementor-element-397ce313 elementor-section-boxed elementor-section-height-default elementor-section-height-default\" data-id=\"397ce313\" data-element_type=\"section\">\n\t\t\t\t\t\t<div class=\"elementor-container elementor-column-gap-default\">\n\t\t\t\t\t\t\t<div class=\"elementor-row\">\n\t\t\t\t\t<div class=\"elementor-column elementor-col-50 elementor-top-column elementor-element elementor-element-35aacfcd\" data-id=\"35aacfcd\" data-element_type=\"column\">\n\t\t\t<div class=\"elementor-column-wrap elementor-element-populated\">\n\t\t\t\t\t\t\t<div class=\"elementor-widget-wrap\">\n\t\t\t\t\t\t<div class=\"elementor-element elementor-element-13bc213f elementor-widget elementor-widget-spacer\" data-id=\"13bc213f\" data-element_type=\"widget\" data-widget_type=\"spacer.default\">\n\t\t\t\t<div class=\"elementor-widget-container\">\n\t\t\t\t\t<div class=\"elementor-spacer\">\n\t\t\t<div class=\"elementor-spacer-inner\"><\/div>\n\t\t<\/div>\n\t\t\t\t<\/div>\n\t\t\t\t<\/div>\n\t\t\t\t<div class=\"elementor-element elementor-element-5db05bf4 elementor-hidden-phone elementor-aspect-ratio-169 elementor-widget elementor-widget-video\" data-id=\"5db05bf4\" data-element_type=\"widget\" data-settings=\"{&quot;video_type&quot;:&quot;hosted&quot;,&quot;autoplay&quot;:&quot;yes&quot;,&quot;mute&quot;:&quot;yes&quot;,&quot;loop&quot;:&quot;yes&quot;,&quot;play_on_mobile&quot;:&quot;yes&quot;,&quot;aspect_ratio&quot;:&quot;169&quot;}\" data-widget_type=\"video.default\">\n\t\t\t\t<div class=\"elementor-widget-container\">\n\t\t\t\t\t<div class=\"e-hosted-video elementor-wrapper elementor-fit-aspect-ratio elementor-open-inline\">\n\t\t\t\t\t<video class=\"elementor-video\" src=\"http:\/\/arrimice.com\/wp-content\/uploads\/2020\/11\/Arri-Mice-tanitim-video.mp4\" autoplay=\"\" loop=\"\" muted=\"muted\" playsinline=\"\" controlsList=\"nodownload\"><\/video>\n\t\t\t\t<\/div>\n\t\t\t\t<\/div>\n\t\t\t\t<\/div>\n\t\t\t\t\t\t<\/div>\n\t\t\t\t\t<\/div>\n\t\t<\/div>\n\t\t\t\t<div class=\"elementor-column elementor-col-50 elementor-top-column elementor-element elementor-element-4a5f429d\" data-id=\"4a5f429d\" data-element_type=\"column\">\n\t\t\t<div class=\"elementor-column-wrap elementor-element-populated\">\n\t\t\t\t\t\t\t<div class=\"elementor-widget-wrap\">\n\t\t\t\t\t\t<div class=\"elementor-element elementor-element-28c2470 elementor-widget elementor-widget-spacer\" data-id=\"28c2470\" data-element_type=\"widget\" data-widget_type=\"spacer.default\">\n\t\t\t\t<div class=\"elementor-widget-container\">\n\t\t\t\t\t<div class=\"elementor-spacer\">\n\t\t\t<div class=\"elementor-spacer-inner\"><\/div>\n\t\t<\/div>\n\t\t\t\t<\/div>\n\t\t\t\t<\/div>\n\t\t\t\t<div class=\"elementor-element elementor-element-1b57fee6 elementor-widget elementor-widget-image-carousel\" data-id=\"1b57fee6\" data-element_type=\"widget\" data-settings=\"{&quot;slides_to_show&quot;:&quot;1&quot;,&quot;navigation&quot;:&quot;none&quot;,&quot;pause_on_hover&quot;:&quot;no&quot;,&quot;pause_on_interaction&quot;:&quot;no&quot;,&quot;autoplay_speed&quot;:3000,&quot;autoplay&quot;:&quot;yes&quot;,&quot;infinite&quot;:&quot;yes&quot;,&quot;effect&quot;:&quot;slide&quot;,&quot;speed&quot;:500}\" data-widget_type=\"image-carousel.default\">\n\t\t\t\t<div class=\"elementor-widget-container\">\n\t\t\t\t\t<div class=\"elementor-image-carousel-wrapper swiper-container\" dir=\"ltr\">\n\t\t\t<div class=\"elementor-image-carousel swiper-wrapper\">\n\t\t\t\t\t\t\t\t<div class=\"swiper-slide\"><figure class=\"swiper-slide-inner\"><img class=\"swiper-slide-image\" src=\"http:\/\/arrimice.com\/wp-content\/uploads\/2020\/11\/A-r-r-i-mice-1-1-1024x390.jpg\" alt=\"A r r i mice 1 (1)\" \/><\/figure><\/div><div class=\"swiper-slide\"><figure class=\"swiper-slide-inner\"><img class=\"swiper-slide-image\" src=\"http:\/\/arrimice.com\/wp-content\/uploads\/2020\/11\/A-r-r-i-mice-1-2-1024x390.jpg\" alt=\"A r r i mice 1 (2)\" \/><\/figure><\/div><div class=\"swiper-slide\"><figure class=\"swiper-slide-inner\"><img class=\"swiper-slide-image\" src=\"http:\/\/arrimice.com\/wp-content\/uploads\/2020\/11\/A-r-r-i-mice-1-3-1024x390.jpg\" alt=\"A r r i mice 1 (3)\" \/><\/figure><\/div><div class=\"swiper-slide\"><figure class=\"swiper-slide-inner\"><img class=\"swiper-slide-image\" src=\"http:\/\/arrimice.com\/wp-content\/uploads\/2020\/11\/A-r-r-i-mice-1-4-1024x390.jpg\" alt=\"A r r i mice 1 (4)\" \/><\/figure><\/div>\t\t\t<\/div>\n\t\t\t\t\t\t\t\t\t\t\t\t\t\t\t\t<\/div>\n\t\t\t\t<\/div>\n\t\t\t\t<\/div>\n\t\t\t\t\t\t<\/div>\n\t\t\t\t\t<\/div>\n\t\t<\/div>\n\t\t\t\t\t\t\t\t<\/div>\n\t\t\t\t\t<\/div>\n\t\t<\/section>\n\t\t\t\t<section class=\"elementor-section elementor-top-section elementor-element elementor-element-c654eb8 elementor-section-boxed elementor-section-height-default elementor-section-height-default\" data-id=\"c654eb8\" data-element_type=\"section\">\n\t\t\t\t\t\t<div class=\"elementor-container elementor-column-gap-default\">\n\t\t\t\t\t\t\t<div class=\"elementor-row\">\n\t\t\t\t\t<div class=\"elementor-column elementor-col-100 elementor-top-column elementor-element elementor-element-26f44b1\" data-id=\"26f44b1\" data-element_type=\"column\">\n\t\t\t<div class=\"elementor-column-wrap elementor-element-populated\">\n\t\t\t\t\t\t\t<div class=\"elementor-widget-wrap\">\n\t\t\t\t\t\t<div class=\"elementor-element elementor-element-762fd32 elementor-widget-divider--view-line elementor-widget elementor-widget-divider\" data-id=\"762fd32\" data-element_type=\"widget\" data-widget_type=\"divider.default\">\n\t\t\t\t<div class=\"elementor-widget-container\">\n\t\t\t\t\t<div class=\"elementor-divider\">\n\t\t\t<span class=\"elementor-divider-separator\">\n\t\t\t\t\t\t<\/span>\n\t\t<\/div>\n\t\t\t\t<\/div>\n\t\t\t\t<\/div>\n\t\t\t\t\t\t<\/div>\n\t\t\t\t\t<\/div>\n\t\t<\/div>\n\t\t\t\t\t\t\t\t<\/div>\n\t\t\t\t\t<\/div>\n\t\t<\/section>\n\t\t\t\t<section class=\"elementor-section elementor-top-section elementor-element elementor-element-a94c23a elementor-section-boxed elementor-section-height-default elementor-section-height-default\" data-id=\"a94c23a\" data-element_type=\"section\" data-settings=\"{&quot;background_background&quot;:&quot;gradient&quot;}\">\n\t\t\t\t\t\t<div class=\"elementor-container elementor-column-gap-default\">\n\t\t\t\t\t\t\t<div class=\"elementor-row\">\n\t\t\t\t\t<div class=\"elementor-column elementor-col-100 elementor-top-column elementor-element elementor-element-747bf15\" data-id=\"747bf15\" data-element_type=\"column\">\n\t\t\t<div class=\"elementor-column-wrap elementor-element-populated\">\n\t\t\t\t\t\t\t<div class=\"elementor-widget-wrap\">\n\t\t\t\t\t\t<div class=\"elementor-element elementor-element-309195d elementor-tabs-view-vertical elementor-widget elementor-widget-tabs\" data-id=\"309195d\" data-element_type=\"widget\" data-widget_type=\"tabs.default\">\n\t\t\t\t<div class=\"elementor-widget-container\">\n\t\t\t\t\t<div class=\"elementor-tabs\">\n\t\t\t<div class=\"elementor-tabs-wrapper\" role=\"tablist\" >\n\t\t\t\t\t\t\t\t\t<div id=\"elementor-tab-title-5091\" class=\"elementor-tab-title elementor-tab-desktop-title\" aria-selected=\"true\" data-tab=\"1\" role=\"tab\" tabindex=\"0\" aria-controls=\"elementor-tab-content-5091\" aria-expanded=\"false\"><a href=\"\">About us<\/a><\/div>\n\t\t\t\t\t\t\t\t\t<div id=\"elementor-tab-title-5092\" class=\"elementor-tab-title elementor-tab-desktop-title\" aria-selected=\"false\" data-tab=\"2\" role=\"tab\" tabindex=\"-1\" aria-controls=\"elementor-tab-content-5092\" aria-expanded=\"false\"><a href=\"\">Corporate<\/a><\/div>\n\t\t\t\t\t\t\t\t\t<div id=\"elementor-tab-title-5093\" class=\"elementor-tab-title elementor-tab-desktop-title\" aria-selected=\"false\" data-tab=\"3\" role=\"tab\" tabindex=\"-1\" aria-controls=\"elementor-tab-content-5093\" aria-expanded=\"false\"><a href=\"\">Vision<\/a><\/div>\n\t\t\t\t\t\t\t\t\t<div id=\"elementor-tab-title-5094\" class=\"elementor-tab-title elementor-tab-desktop-title\" aria-selected=\"false\" data-tab=\"4\" role=\"tab\" tabindex=\"-1\" aria-controls=\"elementor-tab-content-5094\" aria-expanded=\"false\"><a href=\"\">Mission<\/a><\/div>\n\t\t\t\t\t\t\t<\/div>\n\t\t\t<div class=\"elementor-tabs-content-wrapper\" role=\"tablist\" aria-orientation=\"vertical\">\n\t\t\t\t\t\t\t\t\t<div class=\"elementor-tab-title elementor-tab-mobile-title\" aria-selected=\"true\" data-tab=\"1\" role=\"tab\" tabindex=\"0\" aria-controls=\"elementor-tab-content-5091\" aria-expanded=\"false\">About us<\/div>\n\t\t\t\t\t<div id=\"elementor-tab-content-5091\" class=\"elementor-tab-content elementor-clearfix\" data-tab=\"1\" role=\"tabpanel\" aria-labelledby=\"elementor-tab-title-5091\" tabindex=\"0\" hidden=\"false\"><p>Given the dynamism and trends of the ever-changing tourism sector, we would like to be among the leading companies in the tourism market with our teammates who are responsible for the right place and time management.<\/p><\/div>\n\t\t\t\t\t\t\t\t\t<div class=\"elementor-tab-title elementor-tab-mobile-title\" aria-selected=\"false\" data-tab=\"2\" role=\"tab\" tabindex=\"-1\" aria-controls=\"elementor-tab-content-5092\" aria-expanded=\"false\">Corporate<\/div>\n\t\t\t\t\t<div id=\"elementor-tab-content-5092\" class=\"elementor-tab-content elementor-clearfix\" data-tab=\"2\" role=\"tabpanel\" aria-labelledby=\"elementor-tab-title-5092\" tabindex=\"0\" hidden=\"hidden\"><p><strong><u>Hayal Et, Rezerve Et, Ke\u015ffet\u2026<\/u><\/strong><\/p><table border=\"0\" width=\"632\" cellspacing=\"0\" cellpadding=\"0\"><tbody><tr><td><p><strong>Company title<\/strong><\/p><\/td><td><p><strong>:<\/strong><\/p><\/td><td><p><strong>Arri Tur Reklamc\u0131l\u0131k \u00d6zel E\u011fitim Ta\u015f\u0131mac\u0131l\u0131k \u0130n\u015f. San. Tic Ltd. \u015eti<\/strong><\/p><\/td><\/tr><tr><td><p><strong>Tax office and number<\/strong><\/p><\/td><td><p><strong>:<\/strong><\/p><\/td><td><p><strong>Kurumlar V.D. 0800340036<\/strong><\/p><\/td><\/tr><tr><td><p><strong>Company registration number<\/strong><\/p><\/td><td><p><strong>:<\/strong><\/p><\/td><td><p><strong>67077<\/strong><\/p><\/td><\/tr><tr><td><p><strong>Date of registration<\/strong><\/p><\/td><td><p><strong>:<\/strong><\/p><\/td><td><p><strong>25.07.2010<\/strong><\/p><\/td><\/tr><tr><td><p><strong>Mersis No<\/strong><\/p><\/td><td><p><strong>:<\/strong><\/p><\/td><td><p><strong>0080034003800015<\/strong><\/p><\/td><\/tr><tr><td><p><strong>Center address<\/strong><\/p><\/td><td><p><strong>:<\/strong><\/p><\/td><td><p><strong>K\u0131l\u0131n\u00e7aslan mah. Kadir Pa\u015fa sk. No 9 Muratpa\u015fa \/ ANTALYA<\/strong><\/p><\/td><\/tr><tr><td><p><strong>Chairman of the Board of Directors<\/strong><\/p><\/td><td><p><strong>:<\/strong><\/p><\/td><td><p><strong>Levent DA<\/strong><strong>\u011eCI<\/strong><\/p><\/td><\/tr><tr><td><p><strong>Subscribed capital<\/strong><\/p><\/td><td><p><strong>:<\/strong><\/p><\/td><td><p><strong>500.000<\/strong><\/p><\/td><\/tr><tr><td><p><strong>Capital reserve<\/strong><\/p><\/td><td><p><strong>:<\/strong><\/p><\/td><td><p><strong>500.000<\/strong><\/p><\/td><\/tr><tr><td><p><strong>Independent auditor<\/strong><\/p><\/td><td><p><strong>:<\/strong><\/p><\/td><td><p><strong>Nk Denetim Dan\u0131\u015fmanl\u0131k<\/strong><\/p><\/td><\/tr><\/tbody><\/table><\/div>\n\t\t\t\t\t\t\t\t\t<div class=\"elementor-tab-title elementor-tab-mobile-title\" aria-selected=\"false\" data-tab=\"3\" role=\"tab\" tabindex=\"-1\" aria-controls=\"elementor-tab-content-5093\" aria-expanded=\"false\">Vision<\/div>\n\t\t\t\t\t<div id=\"elementor-tab-content-5093\" class=\"elementor-tab-content elementor-clearfix\" data-tab=\"3\" role=\"tabpanel\" aria-labelledby=\"elementor-tab-title-5093\" tabindex=\"0\" hidden=\"hidden\"><p>Our goal as ARR\u0130TUR is to strengthen the bonds of trust and sincerity between us by responding to the expectations of our customers at the highest level.<\/p><\/div>\n\t\t\t\t\t\t\t\t\t<div class=\"elementor-tab-title elementor-tab-mobile-title\" aria-selected=\"false\" data-tab=\"4\" role=\"tab\" tabindex=\"-1\" aria-controls=\"elementor-tab-content-5094\" aria-expanded=\"false\">Mission<\/div>\n\t\t\t\t\t<div id=\"elementor-tab-content-5094\" class=\"elementor-tab-content elementor-clearfix\" data-tab=\"4\" role=\"tabpanel\" aria-labelledby=\"elementor-tab-title-5094\" tabindex=\"0\" hidden=\"hidden\"><p>Given the dynamism and trends of the ever-changing tourism sector, we would like to be among the leading companies in the tourism market with our teammates who are responsible for the right place and time management.<\/p><\/div>\n\t\t\t\t\t\t\t<\/div>\n\t\t<\/div>\n\t\t\t\t<\/div>\n\t\t\t\t<\/div>\n\t\t\t\t\t\t<\/div>\n\t\t\t\t\t<\/div>\n\t\t<\/div>\n\t\t\t\t\t\t\t\t<\/div>\n\t\t\t\t\t<\/div>\n\t\t<\/section>\n\t\t\t\t<section class=\"elementor-section elementor-top-section elementor-element elementor-element-36830ac elementor-section-boxed elementor-section-height-default elementor-section-height-default\" data-id=\"36830ac\" data-element_type=\"section\">\n\t\t\t\t\t\t<div class=\"elementor-container elementor-column-gap-default\">\n\t\t\t\t\t\t\t<div class=\"elementor-row\">\n\t\t\t\t\t<div class=\"elementor-column elementor-col-100 elementor-top-column elementor-element elementor-element-c93b8f1\" data-id=\"c93b8f1\" data-element_type=\"column\">\n\t\t\t<div class=\"elementor-column-wrap elementor-element-populated\">\n\t\t\t\t\t\t\t<div class=\"elementor-widget-wrap\">\n\t\t\t\t\t\t<div class=\"elementor-element elementor-element-331b4b9 elementor-widget-divider--view-line elementor-widget elementor-widget-divider\" data-id=\"331b4b9\" data-element_type=\"widget\" data-widget_type=\"divider.default\">\n\t\t\t\t<div class=\"elementor-widget-container\">\n\t\t\t\t\t<div class=\"elementor-divider\">\n\t\t\t<span class=\"elementor-divider-separator\">\n\t\t\t\t\t\t<\/span>\n\t\t<\/div>\n\t\t\t\t<\/div>\n\t\t\t\t<\/div>\n\t\t\t\t\t\t<\/div>\n\t\t\t\t\t<\/div>\n\t\t<\/div>\n\t\t\t\t\t\t\t\t<\/div>\n\t\t\t\t\t<\/div>\n\t\t<\/section>\n\t\t\t\t<section class=\"elementor-section elementor-top-section elementor-element elementor-element-d90bedf elementor-section-boxed elementor-section-height-default elementor-section-height-default\" data-id=\"d90bedf\" data-element_type=\"section\">\n\t\t\t\t\t\t<div class=\"elementor-container elementor-column-gap-default\">\n\t\t\t\t\t\t\t<div class=\"elementor-row\">\n\t\t\t\t\t<div class=\"elementor-column elementor-col-100 elementor-top-column elementor-element elementor-element-23976bb\" data-id=\"23976bb\" data-element_type=\"column\">\n\t\t\t<div class=\"elementor-column-wrap elementor-element-populated\">\n\t\t\t\t\t\t\t<div class=\"elementor-widget-wrap\">\n\t\t\t\t\t\t<section class=\"elementor-section elementor-inner-section elementor-element elementor-element-2d9389a elementor-section-boxed elementor-section-height-default elementor-section-height-default\" data-id=\"2d9389a\" data-element_type=\"section\">\n\t\t\t\t\t\t<div class=\"elementor-container elementor-column-gap-default\">\n\t\t\t\t\t\t\t<div class=\"elementor-row\">\n\t\t\t\t\t<div class=\"elementor-column elementor-col-25 elementor-inner-column elementor-element elementor-element-874e3d1\" data-id=\"874e3d1\" data-element_type=\"column\">\n\t\t\t<div class=\"elementor-column-wrap elementor-element-populated\">\n\t\t\t\t\t\t\t<div class=\"elementor-widget-wrap\">\n\t\t\t\t\t\t<div class=\"elementor-element elementor-element-a2b8301 elementor-widget elementor-widget-spacer\" data-id=\"a2b8301\" data-element_type=\"widget\" data-widget_type=\"spacer.default\">\n\t\t\t\t<div class=\"elementor-widget-container\">\n\t\t\t\t\t<div class=\"elementor-spacer\">\n\t\t\t<div class=\"elementor-spacer-inner\"><\/div>\n\t\t<\/div>\n\t\t\t\t<\/div>\n\t\t\t\t<\/div>\n\t\t\t\t<div class=\"elementor-element elementor-element-0592244 elementor-widget elementor-widget-image\" data-id=\"0592244\" data-element_type=\"widget\" data-widget_type=\"image.default\">\n\t\t\t\t<div class=\"elementor-widget-container\">\n\t\t\t\t\t\t\t\t<div class=\"elementor-image\">\n\t\t\t\t\t\t\t\t\t\t\t\t<img width=\"236\" height=\"67\" src=\"http:\/\/arrimice.com\/wp-content\/uploads\/2020\/11\/Arri_mice_logo.png\" class=\"attachment-large size-large\" alt=\"\" loading=\"lazy\" \/>\t\t\t\t\t\t\t\t\t\t\t\t\t\t<\/div>\n\t\t\t\t\t\t<\/div>\n\t\t\t\t<\/div>\n\t\t\t\t\t\t<\/div>\n\t\t\t\t\t<\/div>\n\t\t<\/div>\n\t\t\t\t<div class=\"elementor-column elementor-col-25 elementor-inner-column elementor-element elementor-element-abb4dc3\" data-id=\"abb4dc3\" data-element_type=\"column\">\n\t\t\t<div class=\"elementor-column-wrap elementor-element-populated\">\n\t\t\t\t\t\t\t<div class=\"elementor-widget-wrap\">\n\t\t\t\t\t\t<div class=\"elementor-element elementor-element-41c518b elementor-widget elementor-widget-spacer\" data-id=\"41c518b\" data-element_type=\"widget\" data-widget_type=\"spacer.default\">\n\t\t\t\t<div class=\"elementor-widget-container\">\n\t\t\t\t\t<div class=\"elementor-spacer\">\n\t\t\t<div class=\"elementor-spacer-inner\"><\/div>\n\t\t<\/div>\n\t\t\t\t<\/div>\n\t\t\t\t<\/div>\n\t\t\t\t<div class=\"elementor-element elementor-element-41a5d15 elementor-widget elementor-widget-image\" data-id=\"41a5d15\" data-element_type=\"widget\" data-widget_type=\"image.default\">\n\t\t\t\t<div class=\"elementor-widget-container\">\n\t\t\t\t\t\t\t\t<div class=\"elementor-image\">\n\t\t\t\t\t\t\t\t\t\t\t\t\t<a href=\"https:\/\/www.tursab.org.tr\/tr\/ddsv\">\n\t\t\t\t\t\t\t<img width=\"290\" height=\"132\" src=\"http:\/\/arrimice.com\/wp-content\/uploads\/2021\/01\/tursab-dvs-7109.png\" class=\"attachment-large size-large\" alt=\"\" loading=\"lazy\" \/>\t\t\t\t\t\t\t\t<\/a>\n\t\t\t\t\t\t\t\t\t\t\t\t\t\t<\/div>\n\t\t\t\t\t\t<\/div>\n\t\t\t\t<\/div>\n\t\t\t\t\t\t<\/div>\n\t\t\t\t\t<\/div>\n\t\t<\/div>\n\t\t\t\t<div class=\"elementor-column elementor-col-25 elementor-inner-column elementor-element elementor-element-4c89f29\" data-id=\"4c89f29\" data-element_type=\"column\">\n\t\t\t<div class=\"elementor-column-wrap elementor-element-populated\">\n\t\t\t\t\t\t\t<div class=\"elementor-widget-wrap\">\n\t\t\t\t\t\t<div class=\"elementor-element elementor-element-3e7d126 elementor-widget elementor-widget-text-editor\" data-id=\"3e7d126\" data-element_type=\"widget\" data-widget_type=\"text-editor.default\">\n\t\t\t\t<div class=\"elementor-widget-container\">\n\t\t\t\t\t\t\t\t<div class=\"elementor-text-editor elementor-clearfix\">\n\t\t\t\t<ul><li><a href=\"http:\/\/arrimice.com\/index.php\/en\/about-us\/\">ABOUT US<\/a><\/li><li><a href=\"http:\/\/arrimice.com\/index.php\/en\/about-us\/\">CORPORATE<\/a><\/li><li><a href=\"http:\/\/arrimice.com\/index.php\/en\/about-us\/\">VISION<\/a><\/li><li><a href=\"http:\/\/arrimice.com\/index.php\/en\/about-us\/\">MISSION<\/a><\/li><li><a href=\"http:\/\/arrimice.com\/index.php\/en\/contact\/\">CONTACT<\/a><\/li><\/ul>\t\t\t\t\t<\/div>\n\t\t\t\t\t\t<\/div>\n\t\t\t\t<\/div>\n\t\t\t\t\t\t<\/div>\n\t\t\t\t\t<\/div>\n\t\t<\/div>\n\t\t\t\t<div class=\"elementor-column elementor-col-25 elementor-inner-column elementor-element elementor-element-faab151\" data-id=\"faab151\" data-element_type=\"column\">\n\t\t\t<div class=\"elementor-column-wrap elementor-element-populated\">\n\t\t\t\t\t\t\t<div class=\"elementor-widget-wrap\">\n\t\t\t\t\t\t<div class=\"elementor-element elementor-element-af4134d elementor-widget elementor-widget-text-editor\" data-id=\"af4134d\" data-element_type=\"widget\" data-widget_type=\"text-editor.default\">\n\t\t\t\t<div class=\"elementor-widget-container\">\n\t\t\t\t\t\t\t\t<div class=\"elementor-text-editor elementor-clearfix\">\n\t\t\t\t<ul><li><a href=\"http:\/\/arrimice.com\/index.php\/en\/business-policy\/\">BUSINESS POLICY<\/a><\/li><li><a href=\"http:\/\/arrimice.com\/index.php\/en\/business-policy\/\">AGREEMENT<\/a><\/li><li><a href=\"http:\/\/arrimice.com\/index.php\/en\/business-policy\/\">SERVICE CONTRACT<\/a><\/li><li><a href=\"http:\/\/arrimice.com\/index.php\/en\/business-policy\/\">MEMBERSHIP<\/a> <a href=\"http:\/\/arrimice.com\/index.php\/en\/business-policy\/\">AGREEMENT<\/a><\/li><li><a href=\"http:\/\/arrimice.com\/index.php\/en\/business-policy\/\">HUMAN RESOURCES<\/a><\/li><\/ul>\t\t\t\t\t<\/div>\n\t\t\t\t\t\t<\/div>\n\t\t\t\t<\/div>\n\t\t\t\t\t\t<\/div>\n\t\t\t\t\t<\/div>\n\t\t<\/div>\n\t\t\t\t\t\t\t\t<\/div>\n\t\t\t\t\t<\/div>\n\t\t<\/section>\n\t\t\t\t<div class=\"elementor-element elementor-element-0bee76b elementor-invisible elementor-widget elementor-widget-image\" data-id=\"0bee76b\" data-element_type=\"widget\" data-settings=\"{&quot;_animation&quot;:&quot;slideInRight&quot;}\" data-widget_type=\"image.default\">\n\t\t\t\t<div class=\"elementor-widget-container\">\n\t\t\t\t\t\t\t\t<div class=\"elementor-image\">\n\t\t\t\t\t\t\t\t\t\t\t\t<img width=\"768\" height=\"147\" src=\"http:\/\/arrimice.com\/wp-content\/uploads\/2020\/11\/Arri-sirketler-logo.png\" class=\"attachment-large size-large\" alt=\"\" loading=\"lazy\" srcset=\"http:\/\/arrimice.com\/wp-content\/uploads\/2020\/11\/Arri-sirketler-logo.png 768w, http:\/\/arrimice.com\/wp-content\/uploads\/2020\/11\/Arri-sirketler-logo-300x57.png 300w\" sizes=\"(max-width: 768px) 100vw, 768px\" \/>\t\t\t\t\t\t\t\t\t\t\t\t\t\t<\/div>\n\t\t\t\t\t\t<\/div>\n\t\t\t\t<\/div>\n\t\t\t\t\t\t<\/div>\n\t\t\t\t\t<\/div>\n\t\t<\/div>\n\t\t\t\t\t\t\t\t<\/div>\n\t\t\t\t\t<\/div>\n\t\t<\/section>\n\t\t\t\t\t\t<\/div>\n\t\t\t\t\t\t<\/div>\n\t\t\t\t\t<\/div>\n\t\t","protected":false},"excerpt":{"rendered":"<p>http:\/\/arrimice.com\/wp-content\/uploads\/2020\/11\/Arri-Mice-tanitim-video.mp4 About us Corporate Vision Mission About us Given the dynamism and trends of the ever-changing tourism sector, we would like to be among the leading companies in the tourism market with our teammates who are responsible for the right place and time management. Corporate Hayal Et, Rezerve Et, Ke\u015ffet\u2026 Company title : Arri Tur &hellip;<\/p>\n<p class=\"read-more\"> <a class=\"\" href=\"http:\/\/arrimice.com\/index.php\/en\/about-us\/\"> <span class=\"screen-reader-text\">About us<\/span> Devam\u0131 &raquo;<\/a><\/p>\n","protected":false},"author":1,"featured_media":0,"parent":0,"menu_order":0,"comment_status":"closed","ping_status":"closed","template":"","meta":[],"_links":{"self":[{"href":"http:\/\/arrimice.com\/index.php\/wp-json\/wp\/v2\/pages\/2477"}],"collection":[{"href":"http:\/\/arrimice.com\/index.php\/wp-json\/wp\/v2\/pages"}],"about":[{"href":"http:\/\/arrimice.com\/index.php\/wp-json\/wp\/v2\/types\/page"}],"author":[{"embeddable":true,"href":"http:\/\/arrimice.com\/index.php\/wp-json\/wp\/v2\/users\/1"}],"replies":[{"embeddable":true,"href":"http:\/\/arrimice.com\/index.php\/wp-json\/wp\/v2\/comments?post=2477"}],"version-history":[{"count":13,"href":"http:\/\/arrimice.com\/index.php\/wp-json\/wp\/v2\/pages\/2477\/revisions"}],"predecessor-version":[{"id":2515,"href":"http:\/\/arrimice.com\/index.php\/wp-json\/wp\/v2\/pages\/2477\/revisions\/2515"}],"wp:attachment":[{"href":"http:\/\/arrimice.com\/index.php\/wp-json\/wp\/v2\/media?parent=2477"}],"curies":[{"name":"wp","href":"https:\/\/api.w.org\/{rel}","templated":true}]}}