{"id":7,"date":"2020-11-12T09:08:30","date_gmt":"2020-11-12T09:08:30","guid":{"rendered":"http:\/\/arrimice.com\/?page_id=7"},"modified":"2021-01-29T11:08:48","modified_gmt":"2021-01-29T11:08:48","slug":"hakkimizda","status":"publish","type":"page","link":"http:\/\/arrimice.com\/index.php\/hakkimizda\/","title":{"rendered":"Hakk\u0131m\u0131zda"},"content":{"rendered":"\t\t<div data-elementor-type=\"wp-page\" data-elementor-id=\"7\" class=\"elementor elementor-7\" data-elementor-settings=\"[]\">\n\t\t\t\t\t\t<div class=\"elementor-inner\">\n\t\t\t\t\t\t\t<div class=\"elementor-section-wrap\">\n\t\t\t\t\t\t\t<section class=\"elementor-section elementor-top-section elementor-element elementor-element-7ca8aab6 elementor-section-boxed elementor-section-height-default elementor-section-height-default\" data-id=\"7ca8aab6\" data-element_type=\"section\">\n\t\t\t\t\t\t<div class=\"elementor-container elementor-column-gap-default\">\n\t\t\t\t\t\t\t<div class=\"elementor-row\">\n\t\t\t\t\t<div class=\"elementor-column elementor-col-100 elementor-top-column elementor-element elementor-element-2f154ad7\" data-id=\"2f154ad7\" data-element_type=\"column\">\n\t\t\t<div class=\"elementor-column-wrap elementor-element-populated\">\n\t\t\t\t\t\t\t<div class=\"elementor-widget-wrap\">\n\t\t\t\t\t\t<div class=\"elementor-element elementor-element-725a0195 elementor-widget elementor-widget-text-editor\" data-id=\"725a0195\" data-element_type=\"widget\" data-widget_type=\"text-editor.default\">\n\t\t\t\t<div class=\"elementor-widget-container\">\n\t\t\t\t\t\t\t\t<div class=\"elementor-text-editor elementor-clearfix\">\n\t\t\t\t\t\t\t\t\t<\/div>\n\t\t\t\t\t\t<\/div>\n\t\t\t\t<\/div>\n\t\t\t\t\t\t<\/div>\n\t\t\t\t\t<\/div>\n\t\t<\/div>\n\t\t\t\t\t\t\t\t<\/div>\n\t\t\t\t\t<\/div>\n\t\t<\/section>\n\t\t\t\t<section class=\"elementor-section elementor-top-section elementor-element elementor-element-397ce313 elementor-section-boxed elementor-section-height-default elementor-section-height-default\" data-id=\"397ce313\" data-element_type=\"section\">\n\t\t\t\t\t\t<div class=\"elementor-container elementor-column-gap-default\">\n\t\t\t\t\t\t\t<div class=\"elementor-row\">\n\t\t\t\t\t<div class=\"elementor-column elementor-col-50 elementor-top-column elementor-element elementor-element-35aacfcd\" data-id=\"35aacfcd\" data-element_type=\"column\">\n\t\t\t<div class=\"elementor-column-wrap elementor-element-populated\">\n\t\t\t\t\t\t\t<div class=\"elementor-widget-wrap\">\n\t\t\t\t\t\t<div class=\"elementor-element elementor-element-13bc213f elementor-widget elementor-widget-spacer\" data-id=\"13bc213f\" data-element_type=\"widget\" data-widget_type=\"spacer.default\">\n\t\t\t\t<div class=\"elementor-widget-container\">\n\t\t\t\t\t<div class=\"elementor-spacer\">\n\t\t\t<div class=\"elementor-spacer-inner\"><\/div>\n\t\t<\/div>\n\t\t\t\t<\/div>\n\t\t\t\t<\/div>\n\t\t\t\t<div class=\"elementor-element elementor-element-5db05bf4 elementor-hidden-phone elementor-aspect-ratio-169 elementor-widget elementor-widget-video\" data-id=\"5db05bf4\" data-element_type=\"widget\" data-settings=\"{&quot;video_type&quot;:&quot;hosted&quot;,&quot;autoplay&quot;:&quot;yes&quot;,&quot;mute&quot;:&quot;yes&quot;,&quot;loop&quot;:&quot;yes&quot;,&quot;play_on_mobile&quot;:&quot;yes&quot;,&quot;aspect_ratio&quot;:&quot;169&quot;}\" data-widget_type=\"video.default\">\n\t\t\t\t<div class=\"elementor-widget-container\">\n\t\t\t\t\t<div class=\"e-hosted-video elementor-wrapper elementor-fit-aspect-ratio elementor-open-inline\">\n\t\t\t\t\t<video class=\"elementor-video\" src=\"http:\/\/arrimice.com\/wp-content\/uploads\/2020\/11\/Arri-Mice-tanitim-video.mp4\" autoplay=\"\" loop=\"\" muted=\"muted\" playsinline=\"\" controlsList=\"nodownload\"><\/video>\n\t\t\t\t<\/div>\n\t\t\t\t<\/div>\n\t\t\t\t<\/div>\n\t\t\t\t\t\t<\/div>\n\t\t\t\t\t<\/div>\n\t\t<\/div>\n\t\t\t\t<div class=\"elementor-column elementor-col-50 elementor-top-column elementor-element elementor-element-4a5f429d\" data-id=\"4a5f429d\" data-element_type=\"column\">\n\t\t\t<div class=\"elementor-column-wrap elementor-element-populated\">\n\t\t\t\t\t\t\t<div class=\"elementor-widget-wrap\">\n\t\t\t\t\t\t<div class=\"elementor-element elementor-element-28c2470 elementor-widget elementor-widget-spacer\" data-id=\"28c2470\" data-element_type=\"widget\" data-widget_type=\"spacer.default\">\n\t\t\t\t<div class=\"elementor-widget-container\">\n\t\t\t\t\t<div class=\"elementor-spacer\">\n\t\t\t<div class=\"elementor-spacer-inner\"><\/div>\n\t\t<\/div>\n\t\t\t\t<\/div>\n\t\t\t\t<\/div>\n\t\t\t\t<div class=\"elementor-element elementor-element-1b57fee6 elementor-widget elementor-widget-image-carousel\" data-id=\"1b57fee6\" data-element_type=\"widget\" data-settings=\"{&quot;slides_to_show&quot;:&quot;1&quot;,&quot;navigation&quot;:&quot;none&quot;,&quot;pause_on_hover&quot;:&quot;no&quot;,&quot;pause_on_interaction&quot;:&quot;no&quot;,&quot;autoplay_speed&quot;:3000,&quot;autoplay&quot;:&quot;yes&quot;,&quot;infinite&quot;:&quot;yes&quot;,&quot;effect&quot;:&quot;slide&quot;,&quot;speed&quot;:500}\" data-widget_type=\"image-carousel.default\">\n\t\t\t\t<div class=\"elementor-widget-container\">\n\t\t\t\t\t<div class=\"elementor-image-carousel-wrapper swiper-container\" dir=\"ltr\">\n\t\t\t<div class=\"elementor-image-carousel swiper-wrapper\">\n\t\t\t\t\t\t\t\t<div class=\"swiper-slide\"><figure class=\"swiper-slide-inner\"><img class=\"swiper-slide-image\" src=\"http:\/\/arrimice.com\/wp-content\/uploads\/2020\/11\/A-r-r-i-mice-1-1-1024x390.jpg\" alt=\"A r r i mice 1 (1)\" \/><\/figure><\/div><div class=\"swiper-slide\"><figure class=\"swiper-slide-inner\"><img class=\"swiper-slide-image\" src=\"http:\/\/arrimice.com\/wp-content\/uploads\/2020\/11\/A-r-r-i-mice-1-2-1024x390.jpg\" alt=\"A r r i mice 1 (2)\" \/><\/figure><\/div><div class=\"swiper-slide\"><figure class=\"swiper-slide-inner\"><img class=\"swiper-slide-image\" src=\"http:\/\/arrimice.com\/wp-content\/uploads\/2020\/11\/A-r-r-i-mice-1-3-1024x390.jpg\" alt=\"A r r i mice 1 (3)\" \/><\/figure><\/div><div class=\"swiper-slide\"><figure class=\"swiper-slide-inner\"><img class=\"swiper-slide-image\" src=\"http:\/\/arrimice.com\/wp-content\/uploads\/2020\/11\/A-r-r-i-mice-1-4-1024x390.jpg\" alt=\"A r r i mice 1 (4)\" \/><\/figure><\/div>\t\t\t<\/div>\n\t\t\t\t\t\t\t\t\t\t\t\t\t\t\t\t<\/div>\n\t\t\t\t<\/div>\n\t\t\t\t<\/div>\n\t\t\t\t\t\t<\/div>\n\t\t\t\t\t<\/div>\n\t\t<\/div>\n\t\t\t\t\t\t\t\t<\/div>\n\t\t\t\t\t<\/div>\n\t\t<\/section>\n\t\t\t\t<section class=\"elementor-section elementor-top-section elementor-element elementor-element-c654eb8 elementor-section-boxed elementor-section-height-default elementor-section-height-default\" data-id=\"c654eb8\" data-element_type=\"section\">\n\t\t\t\t\t\t<div class=\"elementor-container elementor-column-gap-default\">\n\t\t\t\t\t\t\t<div class=\"elementor-row\">\n\t\t\t\t\t<div class=\"elementor-column elementor-col-100 elementor-top-column elementor-element elementor-element-26f44b1\" data-id=\"26f44b1\" data-element_type=\"column\">\n\t\t\t<div class=\"elementor-column-wrap elementor-element-populated\">\n\t\t\t\t\t\t\t<div class=\"elementor-widget-wrap\">\n\t\t\t\t\t\t<div class=\"elementor-element elementor-element-762fd32 elementor-widget-divider--view-line elementor-widget elementor-widget-divider\" data-id=\"762fd32\" data-element_type=\"widget\" data-widget_type=\"divider.default\">\n\t\t\t\t<div class=\"elementor-widget-container\">\n\t\t\t\t\t<div class=\"elementor-divider\">\n\t\t\t<span class=\"elementor-divider-separator\">\n\t\t\t\t\t\t<\/span>\n\t\t<\/div>\n\t\t\t\t<\/div>\n\t\t\t\t<\/div>\n\t\t\t\t\t\t<\/div>\n\t\t\t\t\t<\/div>\n\t\t<\/div>\n\t\t\t\t\t\t\t\t<\/div>\n\t\t\t\t\t<\/div>\n\t\t<\/section>\n\t\t\t\t<section class=\"elementor-section elementor-top-section elementor-element elementor-element-a94c23a elementor-section-boxed elementor-section-height-default elementor-section-height-default\" data-id=\"a94c23a\" data-element_type=\"section\" data-settings=\"{&quot;background_background&quot;:&quot;gradient&quot;}\">\n\t\t\t\t\t\t<div class=\"elementor-container elementor-column-gap-default\">\n\t\t\t\t\t\t\t<div class=\"elementor-row\">\n\t\t\t\t\t<div class=\"elementor-column elementor-col-100 elementor-top-column elementor-element elementor-element-747bf15\" data-id=\"747bf15\" data-element_type=\"column\">\n\t\t\t<div class=\"elementor-column-wrap elementor-element-populated\">\n\t\t\t\t\t\t\t<div class=\"elementor-widget-wrap\">\n\t\t\t\t\t\t<div class=\"elementor-element elementor-element-309195d elementor-tabs-view-vertical elementor-widget elementor-widget-tabs\" data-id=\"309195d\" data-element_type=\"widget\" data-widget_type=\"tabs.default\">\n\t\t\t\t<div class=\"elementor-widget-container\">\n\t\t\t\t\t<div class=\"elementor-tabs\">\n\t\t\t<div class=\"elementor-tabs-wrapper\" role=\"tablist\" >\n\t\t\t\t\t\t\t\t\t<div id=\"elementor-tab-title-5091\" class=\"elementor-tab-title elementor-tab-desktop-title\" aria-selected=\"true\" data-tab=\"1\" role=\"tab\" tabindex=\"0\" aria-controls=\"elementor-tab-content-5091\" aria-expanded=\"false\"><a href=\"\">Hakk\u0131m\u0131zda<\/a><\/div>\n\t\t\t\t\t\t\t\t\t<div id=\"elementor-tab-title-5092\" class=\"elementor-tab-title elementor-tab-desktop-title\" aria-selected=\"false\" data-tab=\"2\" role=\"tab\" tabindex=\"-1\" aria-controls=\"elementor-tab-content-5092\" aria-expanded=\"false\"><a href=\"\">Kurumsal<\/a><\/div>\n\t\t\t\t\t\t\t\t\t<div id=\"elementor-tab-title-5093\" class=\"elementor-tab-title elementor-tab-desktop-title\" aria-selected=\"false\" data-tab=\"3\" role=\"tab\" tabindex=\"-1\" aria-controls=\"elementor-tab-content-5093\" aria-expanded=\"false\"><a href=\"\">Vizyon<\/a><\/div>\n\t\t\t\t\t\t\t\t\t<div id=\"elementor-tab-title-5094\" class=\"elementor-tab-title elementor-tab-desktop-title\" aria-selected=\"false\" data-tab=\"4\" role=\"tab\" tabindex=\"-1\" aria-controls=\"elementor-tab-content-5094\" aria-expanded=\"false\"><a href=\"\">Misyon<\/a><\/div>\n\t\t\t\t\t\t\t<\/div>\n\t\t\t<div class=\"elementor-tabs-content-wrapper\" role=\"tablist\" aria-orientation=\"vertical\">\n\t\t\t\t\t\t\t\t\t<div class=\"elementor-tab-title elementor-tab-mobile-title\" aria-selected=\"true\" data-tab=\"1\" role=\"tab\" tabindex=\"0\" aria-controls=\"elementor-tab-content-5091\" aria-expanded=\"false\">Hakk\u0131m\u0131zda<\/div>\n\t\t\t\t\t<div id=\"elementor-tab-content-5091\" class=\"elementor-tab-content elementor-clearfix\" data-tab=\"1\" role=\"tabpanel\" aria-labelledby=\"elementor-tab-title-5091\" tabindex=\"0\" hidden=\"false\"><p>2009 y\u0131l\u0131nda kurulan Arri Tur\u2019un sekt\u00f6re ad\u0131m atmas\u0131, turizm d\u00fcnyas\u0131 i\u00e7in \u00f6nemli bir kilometre ta\u015f\u0131 oldu. Kurulu\u015fundan itibaren h\u0131zl\u0131 \u015fekilde b\u00fcy\u00fcyerek yurt i\u00e7i organize seyahat sekt\u00f6r\u00fcnde ilkleri ger\u00e7ekle\u015ftirme misyonuna sahip bir tur operat\u00f6r\u00fc olan Arritur, vizyoner yap\u0131s\u0131 ile de bir\u00e7ok ilke imza att\u0131.\u00a0<br \/><br \/>T\u00fcrkiye&#8217;nin \u00f6nde gelen seyahat ve turizm kurulu\u015fu olan Arritur, yurt i\u00e7inde y\u00fczlerce otelin sat\u0131\u015f ve pazarlamas\u0131n\u0131 ger\u00e7ekle\u015ftiriyor. T\u00fcrkiye&#8217;de 15, yurt d\u0131\u015f\u0131nda ise \u0130ngiltere , iran , cezayir , kuveyt destinasyonu kapsayan y\u00fczlerce tur paketi \u00fcreten firma, \u00e7at\u0131s\u0131 alt\u0131nda\u00a0 Antalya Kalei\u00e7i Karyatit hotelide buunmaktad\u0131r.<\/p>\n<p>\u00a0<\/p>\n<p>T\u00fcrkiye Seyahat Acentalar\u0131 Birli\u011fi\u2019ne (T\u00dcRSAB &#8211;\u00a0 7109 ) \u00fcye olan acentam\u0131z, birli\u011fin t\u00fcketicilerini ka\u00e7ak acentalardan korumak ve ya\u015fanacak muhtemel ma\u011fduriyetleri \u00f6nlemek i\u00e7in olu\u015fturdu\u011fu \u2018\u2019Tatil Mele\u011fi\u2019\u2019 karekod uygulamas\u0131na sahiptir.<\/p>\n<p>\u00a0<\/p>\n<p>Her ge\u00e7en g\u00fcn faaliyetlerini h\u0131zla b\u00fcy\u00fcten ARR\u0130TUR olarak, sahip oldu\u011fumuz deneyim, kalite ve \u00f6zveriyle, sizin hayallerinizi ger\u00e7ekle\u015ftirmeye devam edece\u011fiz.<\/p><\/div>\n\t\t\t\t\t\t\t\t\t<div class=\"elementor-tab-title elementor-tab-mobile-title\" aria-selected=\"false\" data-tab=\"2\" role=\"tab\" tabindex=\"-1\" aria-controls=\"elementor-tab-content-5092\" aria-expanded=\"false\">Kurumsal<\/div>\n\t\t\t\t\t<div id=\"elementor-tab-content-5092\" class=\"elementor-tab-content elementor-clearfix\" data-tab=\"2\" role=\"tabpanel\" aria-labelledby=\"elementor-tab-title-5092\" tabindex=\"0\" hidden=\"hidden\"><p><strong><u>Hayal Et, Rezerve Et, Ke\u015ffet\u2026<\/u><\/strong><\/p>\n<table border=\"0\" width=\"632\" cellspacing=\"0\" cellpadding=\"0\">\n<tbody>\n<tr>\n<td>\n<p><strong>\u015eirket \u00dcnvan\u0131<\/strong><\/p>\n<\/td>\n<td>\n<p><strong>:<\/strong><\/p>\n<\/td>\n<td>\n<p><strong>Arri Tur Reklamc<\/strong><strong>\u0131l\u0131k \u00d6zel E\u011fitim Ta\u015f\u0131mac\u0131l\u0131k \u0130n\u015f. San. Tic Ltd. \u015eti<\/strong><\/p>\n<\/td>\n<\/tr>\n<tr>\n<td>\n<p><strong>Vergi Dairesi ve Numaras<\/strong><strong>\u0131<\/strong><\/p>\n<\/td>\n<td>\n<p><strong>:<\/strong><\/p>\n<\/td>\n<td>\n<p><strong>Kurumlar V.D. 0800340036<\/strong><\/p>\n<\/td>\n<\/tr>\n<tr>\n<td>\n<p><strong>Ticaret Sicil No<\/strong><\/p>\n<\/td>\n<td>\n<p><strong>:<\/strong><\/p>\n<\/td>\n<td>\n<p><strong>67077<\/strong><\/p>\n<\/td>\n<\/tr>\n<tr>\n<td>\n<p><strong>Tescil Tarihi<\/strong><\/p>\n<\/td>\n<td>\n<p><strong>:<\/strong><\/p>\n<\/td>\n<td>\n<p><strong>25.07.2010<\/strong><\/p>\n<\/td>\n<\/tr>\n<tr>\n<td>\n<p><strong>Mersis No<\/strong><\/p>\n<\/td>\n<td>\n<p><strong>:<\/strong><\/p>\n<\/td>\n<td>\n<p><strong>0080034003800015<\/strong><\/p>\n<\/td>\n<\/tr>\n<tr>\n<td>\n<p><strong>Merkez Adres<\/strong><\/p>\n<\/td>\n<td>\n<p><strong>:<\/strong><\/p>\n<\/td>\n<td>\n<p><strong>K\u0131l\u0131n\u00e7aslan mah. Kadir Pa\u015fa sk. No 9 Muratpa\u015fa \/ ANTALYA<\/strong><\/p>\n<\/td>\n<\/tr>\n<tr>\n<td>\n<p><strong>Y\u00f6netim Kurulu Ba\u015fkan\u0131<\/strong><\/p>\n<\/td>\n<td>\n<p><strong>:<\/strong><\/p>\n<\/td>\n<td>\n<p><strong>Levent DA<\/strong><strong>\u011eCI<\/strong><\/p>\n<\/td>\n<\/tr>\n<tr>\n<td>\n<p><strong>Taahh\u00fct Edilen Sermaye<\/strong><\/p>\n<\/td>\n<td>\n<p><strong>:<\/strong><\/p>\n<\/td>\n<td>\n<p><strong>500.000<\/strong><\/p>\n<\/td>\n<\/tr>\n<tr>\n<td>\n<p><strong>\u00d6denmi\u015f Sermaye<\/strong><\/p>\n<\/td>\n<td>\n<p><strong>:<\/strong><\/p>\n<\/td>\n<td>\n<p><strong>500.000<\/strong><\/p>\n<\/td>\n<\/tr>\n<tr>\n<td>\n<p><strong>Ba<\/strong><strong>\u011f\u0131ms\u0131z Denet\u00e7i<\/strong><\/p>\n<\/td>\n<td>\n<p><strong>:<\/strong><\/p>\n<\/td>\n<td>\n<p><strong>Nk Denetim Dan\u0131\u015fmanl\u0131k<\/strong><\/p>\n<\/td>\n<\/tr>\n<\/tbody>\n<\/table><\/div>\n\t\t\t\t\t\t\t\t\t<div class=\"elementor-tab-title elementor-tab-mobile-title\" aria-selected=\"false\" data-tab=\"3\" role=\"tab\" tabindex=\"-1\" aria-controls=\"elementor-tab-content-5093\" aria-expanded=\"false\">Vizyon<\/div>\n\t\t\t\t\t<div id=\"elementor-tab-content-5093\" class=\"elementor-tab-content elementor-clearfix\" data-tab=\"3\" role=\"tabpanel\" aria-labelledby=\"elementor-tab-title-5093\" tabindex=\"0\" hidden=\"hidden\"><p>ARR\u0130TUR olarak amac\u0131m\u0131z, m\u00fc\u015fterilerimizin beklentilerine maksimum d\u00fczeyde cevap vererek, aram\u0131zdaki g\u00fcven ve samimiyet ba\u011flar\u0131n\u0131 g\u00fc\u00e7lendirmektir.<\/p><\/div>\n\t\t\t\t\t\t\t\t\t<div class=\"elementor-tab-title elementor-tab-mobile-title\" aria-selected=\"false\" data-tab=\"4\" role=\"tab\" tabindex=\"-1\" aria-controls=\"elementor-tab-content-5094\" aria-expanded=\"false\">Misyon<\/div>\n\t\t\t\t\t<div id=\"elementor-tab-content-5094\" class=\"elementor-tab-content elementor-clearfix\" data-tab=\"4\" role=\"tabpanel\" aria-labelledby=\"elementor-tab-title-5094\" tabindex=\"0\" hidden=\"hidden\"><p>S\u00fcrekli de\u011fi\u015fen turizm sekt\u00f6r\u00fcn\u00fcn dinamiklerini ve trendlerini g\u00f6zeterek, do\u011fru yer ve zaman y\u00f6netim konusunda sorumluluk sahibi tak\u0131m arkada\u015flar\u0131m\u0131zla birlikte, turizm pazar\u0131nda \u00f6nc\u00fc firmalar aras\u0131nda yer almay\u0131 hedefliyoruz.<\/p><\/div>\n\t\t\t\t\t\t\t<\/div>\n\t\t<\/div>\n\t\t\t\t<\/div>\n\t\t\t\t<\/div>\n\t\t\t\t\t\t<\/div>\n\t\t\t\t\t<\/div>\n\t\t<\/div>\n\t\t\t\t\t\t\t\t<\/div>\n\t\t\t\t\t<\/div>\n\t\t<\/section>\n\t\t\t\t<section class=\"elementor-section elementor-top-section elementor-element elementor-element-36830ac elementor-section-boxed elementor-section-height-default elementor-section-height-default\" data-id=\"36830ac\" data-element_type=\"section\">\n\t\t\t\t\t\t<div class=\"elementor-container elementor-column-gap-default\">\n\t\t\t\t\t\t\t<div class=\"elementor-row\">\n\t\t\t\t\t<div class=\"elementor-column elementor-col-100 elementor-top-column elementor-element elementor-element-c93b8f1\" data-id=\"c93b8f1\" data-element_type=\"column\">\n\t\t\t<div class=\"elementor-column-wrap elementor-element-populated\">\n\t\t\t\t\t\t\t<div class=\"elementor-widget-wrap\">\n\t\t\t\t\t\t<div class=\"elementor-element elementor-element-331b4b9 elementor-widget-divider--view-line elementor-widget elementor-widget-divider\" data-id=\"331b4b9\" data-element_type=\"widget\" data-widget_type=\"divider.default\">\n\t\t\t\t<div class=\"elementor-widget-container\">\n\t\t\t\t\t<div class=\"elementor-divider\">\n\t\t\t<span class=\"elementor-divider-separator\">\n\t\t\t\t\t\t<\/span>\n\t\t<\/div>\n\t\t\t\t<\/div>\n\t\t\t\t<\/div>\n\t\t\t\t\t\t<\/div>\n\t\t\t\t\t<\/div>\n\t\t<\/div>\n\t\t\t\t\t\t\t\t<\/div>\n\t\t\t\t\t<\/div>\n\t\t<\/section>\n\t\t\t\t<section class=\"elementor-section elementor-top-section elementor-element elementor-element-6546aa60 elementor-section-boxed elementor-section-height-default elementor-section-height-default\" data-id=\"6546aa60\" data-element_type=\"section\">\n\t\t\t\t\t\t<div class=\"elementor-container elementor-column-gap-default\">\n\t\t\t\t\t\t\t<div class=\"elementor-row\">\n\t\t\t\t\t<div class=\"elementor-column elementor-col-100 elementor-top-column elementor-element elementor-element-78469fd0\" data-id=\"78469fd0\" data-element_type=\"column\">\n\t\t\t<div class=\"elementor-column-wrap elementor-element-populated\">\n\t\t\t\t\t\t\t<div class=\"elementor-widget-wrap\">\n\t\t\t\t\t\t<section class=\"elementor-section elementor-inner-section elementor-element elementor-element-6de96cd7 elementor-section-boxed elementor-section-height-default elementor-section-height-default\" data-id=\"6de96cd7\" data-element_type=\"section\">\n\t\t\t\t\t\t<div class=\"elementor-container elementor-column-gap-default\">\n\t\t\t\t\t\t\t<div class=\"elementor-row\">\n\t\t\t\t\t<div class=\"elementor-column elementor-col-25 elementor-inner-column elementor-element elementor-element-4461342\" data-id=\"4461342\" data-element_type=\"column\">\n\t\t\t<div class=\"elementor-column-wrap elementor-element-populated\">\n\t\t\t\t\t\t\t<div class=\"elementor-widget-wrap\">\n\t\t\t\t\t\t<div class=\"elementor-element elementor-element-43af1714 elementor-widget elementor-widget-spacer\" data-id=\"43af1714\" data-element_type=\"widget\" data-widget_type=\"spacer.default\">\n\t\t\t\t<div class=\"elementor-widget-container\">\n\t\t\t\t\t<div class=\"elementor-spacer\">\n\t\t\t<div class=\"elementor-spacer-inner\"><\/div>\n\t\t<\/div>\n\t\t\t\t<\/div>\n\t\t\t\t<\/div>\n\t\t\t\t<div class=\"elementor-element elementor-element-72dd197 elementor-widget elementor-widget-image\" data-id=\"72dd197\" data-element_type=\"widget\" data-widget_type=\"image.default\">\n\t\t\t\t<div class=\"elementor-widget-container\">\n\t\t\t\t\t\t\t\t<div class=\"elementor-image\">\n\t\t\t\t\t\t\t\t\t\t\t\t<img width=\"236\" height=\"67\" src=\"http:\/\/arrimice.com\/wp-content\/uploads\/2020\/11\/Arri_mice_logo.png\" class=\"attachment-large size-large\" alt=\"\" loading=\"lazy\" \/>\t\t\t\t\t\t\t\t\t\t\t\t\t\t<\/div>\n\t\t\t\t\t\t<\/div>\n\t\t\t\t<\/div>\n\t\t\t\t\t\t<\/div>\n\t\t\t\t\t<\/div>\n\t\t<\/div>\n\t\t\t\t<div class=\"elementor-column elementor-col-25 elementor-inner-column elementor-element elementor-element-10402474\" data-id=\"10402474\" data-element_type=\"column\">\n\t\t\t<div class=\"elementor-column-wrap elementor-element-populated\">\n\t\t\t\t\t\t\t<div class=\"elementor-widget-wrap\">\n\t\t\t\t\t\t<div class=\"elementor-element elementor-element-28a612ac elementor-widget elementor-widget-spacer\" data-id=\"28a612ac\" data-element_type=\"widget\" data-widget_type=\"spacer.default\">\n\t\t\t\t<div class=\"elementor-widget-container\">\n\t\t\t\t\t<div class=\"elementor-spacer\">\n\t\t\t<div class=\"elementor-spacer-inner\"><\/div>\n\t\t<\/div>\n\t\t\t\t<\/div>\n\t\t\t\t<\/div>\n\t\t\t\t<div class=\"elementor-element elementor-element-179fc479 elementor-widget elementor-widget-image\" data-id=\"179fc479\" data-element_type=\"widget\" data-widget_type=\"image.default\">\n\t\t\t\t<div class=\"elementor-widget-container\">\n\t\t\t\t\t\t\t\t<div class=\"elementor-image\">\n\t\t\t\t\t\t\t\t\t\t\t\t\t<a href=\"https:\/\/www.tursab.org.tr\/tr\/ddsv\">\n\t\t\t\t\t\t\t<img width=\"290\" height=\"132\" src=\"http:\/\/arrimice.com\/wp-content\/uploads\/2021\/01\/tursab-dvs-7109.png\" class=\"attachment-large size-large\" alt=\"\" loading=\"lazy\" \/>\t\t\t\t\t\t\t\t<\/a>\n\t\t\t\t\t\t\t\t\t\t\t\t\t\t<\/div>\n\t\t\t\t\t\t<\/div>\n\t\t\t\t<\/div>\n\t\t\t\t\t\t<\/div>\n\t\t\t\t\t<\/div>\n\t\t<\/div>\n\t\t\t\t<div class=\"elementor-column elementor-col-25 elementor-inner-column elementor-element elementor-element-186bab2\" data-id=\"186bab2\" data-element_type=\"column\">\n\t\t\t<div class=\"elementor-column-wrap elementor-element-populated\">\n\t\t\t\t\t\t\t<div class=\"elementor-widget-wrap\">\n\t\t\t\t\t\t<div class=\"elementor-element elementor-element-123caa56 elementor-widget elementor-widget-text-editor\" data-id=\"123caa56\" data-element_type=\"widget\" data-widget_type=\"text-editor.default\">\n\t\t\t\t<div class=\"elementor-widget-container\">\n\t\t\t\t\t\t\t\t<div class=\"elementor-text-editor elementor-clearfix\">\n\t\t\t\t<p><a href=\"http:\/\/arrimice.com\/index.php\/hakkimizda\/\"><span class=\"brgmenu-item\">HAKKIMIZDA<\/span><\/a><\/p><ul><li><a href=\"http:\/\/arrimice.com\/index.php\/hakkimizda\/\"><span class=\"brgmenu-item\">KURUMSAL<\/span><\/a><\/li><li><a href=\"http:\/\/arrimice.com\/index.php\/hakkimizda\/\"><span class=\"brgmenu-item\">V\u0130ZYON<\/span><\/a><\/li><li><a href=\"http:\/\/arrimice.com\/index.php\/hakkimizda\/\"><span class=\"brgmenu-item\">M\u0130SYON<\/span><\/a><\/li><li><a href=\"http:\/\/arrimice.com\/index.php\/hakkimizda\/\"><span class=\"brgmenu-item\">B\u0130ZE ULA\u015eIN<\/span><\/a><\/li><\/ul>\t\t\t\t\t<\/div>\n\t\t\t\t\t\t<\/div>\n\t\t\t\t<\/div>\n\t\t\t\t\t\t<\/div>\n\t\t\t\t\t<\/div>\n\t\t<\/div>\n\t\t\t\t<div class=\"elementor-column elementor-col-25 elementor-inner-column elementor-element elementor-element-200434a5\" data-id=\"200434a5\" data-element_type=\"column\">\n\t\t\t<div class=\"elementor-column-wrap elementor-element-populated\">\n\t\t\t\t\t\t\t<div class=\"elementor-widget-wrap\">\n\t\t\t\t\t\t<div class=\"elementor-element elementor-element-1d4884ab elementor-widget elementor-widget-text-editor\" data-id=\"1d4884ab\" data-element_type=\"widget\" data-widget_type=\"text-editor.default\">\n\t\t\t\t<div class=\"elementor-widget-container\">\n\t\t\t\t\t\t\t\t<div class=\"elementor-text-editor elementor-clearfix\">\n\t\t\t\t<p><a href=\"http:\/\/arrimice.com\/index.php\/politikalarimiz\/\"><span class=\"brgmenu-item\"><span class=\"brgmenu-iteminner\">POL\u0130T\u0130KALARIMIZ<\/span><\/span><\/a><\/p><ul><li><a href=\"http:\/\/arrimice.com\/index.php\/politikalarimiz\/\"><span class=\"brgmenu-item\">E B\u00dcLTEN S\u00d6ZLE\u015eMES\u0130<\/span><\/a><\/li><li><a href=\"http:\/\/arrimice.com\/index.php\/politikalarimiz\/\"><span class=\"brgmenu-item\">H\u0130ZMET S\u00d6ZLE\u015eMES\u0130<\/span><\/a><\/li><li><a href=\"http:\/\/arrimice.com\/index.php\/politikalarimiz\/\"><span class=\"brgmenu-item\">\u00dcYEL\u0130K S\u00d6ZLE\u015eMES\u0130<\/span><\/a><\/li><li><a href=\"http:\/\/arrimice.com\/index.php\/politikalarimiz\/\"><span class=\"brgmenu-item\">\u0130NSAN KAYNAKLARI<\/span><\/a><\/li><li><a href=\"http:\/\/arrimice.com\/index.php\/politikalarimiz\/\"><span class=\"brgmenu-item\">K\u00dcTAHYA \u00c7\u0130ZERGES\u0130<\/span><\/a><\/li><\/ul>\t\t\t\t\t<\/div>\n\t\t\t\t\t\t<\/div>\n\t\t\t\t<\/div>\n\t\t\t\t\t\t<\/div>\n\t\t\t\t\t<\/div>\n\t\t<\/div>\n\t\t\t\t\t\t\t\t<\/div>\n\t\t\t\t\t<\/div>\n\t\t<\/section>\n\t\t\t\t<div class=\"elementor-element elementor-element-2c62139f elementor-invisible elementor-widget elementor-widget-image\" data-id=\"2c62139f\" data-element_type=\"widget\" data-settings=\"{&quot;_animation&quot;:&quot;slideInRight&quot;}\" data-widget_type=\"image.default\">\n\t\t\t\t<div class=\"elementor-widget-container\">\n\t\t\t\t\t\t\t\t<div class=\"elementor-image\">\n\t\t\t\t\t\t\t\t\t\t\t\t<img width=\"768\" height=\"147\" src=\"http:\/\/arrimice.com\/wp-content\/uploads\/2020\/11\/Arri-sirketler-logo.png\" class=\"attachment-large size-large\" alt=\"\" loading=\"lazy\" srcset=\"http:\/\/arrimice.com\/wp-content\/uploads\/2020\/11\/Arri-sirketler-logo.png 768w, http:\/\/arrimice.com\/wp-content\/uploads\/2020\/11\/Arri-sirketler-logo-300x57.png 300w\" sizes=\"(max-width: 768px) 100vw, 768px\" \/>\t\t\t\t\t\t\t\t\t\t\t\t\t\t<\/div>\n\t\t\t\t\t\t<\/div>\n\t\t\t\t<\/div>\n\t\t\t\t\t\t<\/div>\n\t\t\t\t\t<\/div>\n\t\t<\/div>\n\t\t\t\t\t\t\t\t<\/div>\n\t\t\t\t\t<\/div>\n\t\t<\/section>\n\t\t\t\t\t\t<\/div>\n\t\t\t\t\t\t<\/div>\n\t\t\t\t\t<\/div>\n\t\t","protected":false},"excerpt":{"rendered":"<p>http:\/\/arrimice.com\/wp-content\/uploads\/2020\/11\/Arri-Mice-tanitim-video.mp4 Hakk\u0131m\u0131zda Kurumsal Vizyon Misyon Hakk\u0131m\u0131zda 2009 y\u0131l\u0131nda kurulan Arri Tur\u2019un sekt\u00f6re ad\u0131m atmas\u0131, turizm d\u00fcnyas\u0131 i\u00e7in \u00f6nemli bir kilometre ta\u015f\u0131 oldu. Kurulu\u015fundan itibaren h\u0131zl\u0131 \u015fekilde b\u00fcy\u00fcyerek yurt i\u00e7i organize seyahat sekt\u00f6r\u00fcnde ilkleri ger\u00e7ekle\u015ftirme misyonuna sahip bir tur operat\u00f6r\u00fc olan Arritur, vizyoner yap\u0131s\u0131 ile de bir\u00e7ok ilke imza att\u0131.&nbsp; T\u00fcrkiye\u2019nin \u00f6nde gelen seyahat ve turizm &hellip;<\/p>\n<p class=\"read-more\"> <a class=\"\" href=\"http:\/\/arrimice.com\/index.php\/hakkimizda\/\"> <span class=\"screen-reader-text\">Hakk\u0131m\u0131zda<\/span> Devam\u0131 &raquo;<\/a><\/p>\n","protected":false},"author":1,"featured_media":0,"parent":0,"menu_order":0,"comment_status":"closed","ping_status":"closed","template":"","meta":[],"_links":{"self":[{"href":"http:\/\/arrimice.com\/index.php\/wp-json\/wp\/v2\/pages\/7"}],"collection":[{"href":"http:\/\/arrimice.com\/index.php\/wp-json\/wp\/v2\/pages"}],"about":[{"href":"http:\/\/arrimice.com\/index.php\/wp-json\/wp\/v2\/types\/page"}],"author":[{"embeddable":true,"href":"http:\/\/arrimice.com\/index.php\/wp-json\/wp\/v2\/users\/1"}],"replies":[{"embeddable":true,"href":"http:\/\/arrimice.com\/index.php\/wp-json\/wp\/v2\/comments?post=7"}],"version-history":[{"count":23,"href":"http:\/\/arrimice.com\/index.php\/wp-json\/wp\/v2\/pages\/7\/revisions"}],"predecessor-version":[{"id":2230,"href":"http:\/\/arrimice.com\/index.php\/wp-json\/wp\/v2\/pages\/7\/revisions\/2230"}],"wp:attachment":[{"href":"http:\/\/arrimice.com\/index.php\/wp-json\/wp\/v2\/media?parent=7"}],"curies":[{"name":"wp","href":"https:\/\/api.w.org\/{rel}","templated":true}]}}